{"id":56919,"date":"2021-08-03T16:17:34","date_gmt":"2021-08-03T14:17:34","guid":{"rendered":"https:\/\/kidslicensing.com\/product\/scratch-art-set-lol\/"},"modified":"2022-02-28T05:56:51","modified_gmt":"2022-02-28T04:56:51","slug":"scratch-art-set-lol","status":"publish","type":"product","link":"https:\/\/kidslicensing.com\/es\/shop\/stationery-es\/arts-crafts-es\/scratch-art-set-lol\/","title":{"rendered":"SET DE PAPELERIA SCRATCH ART LOL"},"content":{"rendered":"","protected":false},"excerpt":{"rendered":"<p>Ad\u00e9ntrate en el m\u00e1gico mundo de la LOL Surprise con estas l\u00e1minas de rascar.<\/p>\n<p>El set incluye dos laminas para rascar con una herramienta de madera para facilitar el rascado. Es f\u00e1cil crear una obra maestra memorable que revelar\u00e1 a los personajes de LOL Surprise. \u00a1Rasca para revelar!<\/p>\n<p>Referencia: LOL21024<\/p>\n","protected":false},"featured_media":6564,"comment_status":"open","ping_status":"closed","template":"","meta":[],"product_cat":[983,947],"product_tag":[190],"class_list":{"0":"post-56919","1":"product","2":"type-product","3":"status-publish","4":"has-post-thumbnail","5":"hentry","6":"product_cat-arts-crafts-es","7":"product_cat-stationery-es","8":"product_tag-lol-es","10":"entry","11":"has-media","12":"owp-thumbs-layout-horizontal","13":"owp-btn-normal","14":"owp-tabs-layout-horizontal","15":"has-product-nav"},"_links":{"self":[{"href":"https:\/\/kidslicensing.com\/es\/wp-json\/wp\/v2\/product\/56919","targetHints":{"allow":["GET"]}}],"collection":[{"href":"https:\/\/kidslicensing.com\/es\/wp-json\/wp\/v2\/product"}],"about":[{"href":"https:\/\/kidslicensing.com\/es\/wp-json\/wp\/v2\/types\/product"}],"replies":[{"embeddable":true,"href":"https:\/\/kidslicensing.com\/es\/wp-json\/wp\/v2\/comments?post=56919"}],"version-history":[{"count":4,"href":"https:\/\/kidslicensing.com\/es\/wp-json\/wp\/v2\/product\/56919\/revisions"}],"predecessor-version":[{"id":59289,"href":"https:\/\/kidslicensing.com\/es\/wp-json\/wp\/v2\/product\/56919\/revisions\/59289"}],"wp:featuredmedia":[{"embeddable":true,"href":"https:\/\/kidslicensing.com\/es\/wp-json\/wp\/v2\/media\/6564"}],"wp:attachment":[{"href":"https:\/\/kidslicensing.com\/es\/wp-json\/wp\/v2\/media?parent=56919"}],"wp:term":[{"taxonomy":"product_cat","embeddable":true,"href":"https:\/\/kidslicensing.com\/es\/wp-json\/wp\/v2\/product_cat?post=56919"},{"taxonomy":"product_tag","embeddable":true,"href":"https:\/\/kidslicensing.com\/es\/wp-json\/wp\/v2\/product_tag?post=56919"}],"curies":[{"name":"wp","href":"https:\/\/api.w.org\/{rel}","templated":true}]}}