{"id":57070,"date":"2021-08-03T16:17:24","date_gmt":"2021-08-03T14:17:24","guid":{"rendered":"https:\/\/kidslicensing.com\/product\/paw-patrol-alu-bottle-3-designs-asst-500-ml\/"},"modified":"2022-02-24T11:30:43","modified_gmt":"2022-02-24T10:30:43","slug":"paw-patrol-alu-bottle-3-designs-asst-500-ml","status":"publish","type":"product","link":"https:\/\/kidslicensing.com\/es\/shop\/uncategorized\/paw-patrol-alu-bottle-3-designs-asst-500-ml\/","title":{"rendered":"SURTIDO 3 DISE\u00d1OS CANTIMPLORAS DE\u00a0 ALUMINIO PAW PATROL 500ML"},"content":{"rendered":"","protected":false},"excerpt":{"rendered":"<p>Estas cantimploras de aluminio de Paw Patrol har\u00e1n el trabajo perfecto para mantener tus bebidas frescas y fr\u00edas durante tu excursi\u00f3n. Las botellas de aluminio tienen capacidad para 500mL una cantidad ideal para rellenar 2-3 veces al d\u00eda. La hidrataci\u00f3n es imprescindible.Las cantimploras se presentan en un expositor de 12 art\u00edculos diferentes con un surtido de tres atractivos colores con acabado met\u00e1lico.<\/p>\n<p>Elige tu favorita!<\/p>\n<p><br data-mce-bogus=\"1\"><\/p>\n<p>Referencia: PW19760<\/p>\n","protected":false},"featured_media":78786,"comment_status":"open","ping_status":"closed","template":"","meta":[],"product_cat":[],"product_tag":[],"class_list":{"0":"post-57070","1":"product","2":"type-product","3":"status-publish","4":"has-post-thumbnail","5":"hentry","7":"entry","8":"has-media","9":"owp-thumbs-layout-horizontal","10":"owp-btn-normal","11":"owp-tabs-layout-horizontal","12":"has-product-nav"},"_links":{"self":[{"href":"https:\/\/kidslicensing.com\/es\/wp-json\/wp\/v2\/product\/57070","targetHints":{"allow":["GET"]}}],"collection":[{"href":"https:\/\/kidslicensing.com\/es\/wp-json\/wp\/v2\/product"}],"about":[{"href":"https:\/\/kidslicensing.com\/es\/wp-json\/wp\/v2\/types\/product"}],"replies":[{"embeddable":true,"href":"https:\/\/kidslicensing.com\/es\/wp-json\/wp\/v2\/comments?post=57070"}],"version-history":[{"count":3,"href":"https:\/\/kidslicensing.com\/es\/wp-json\/wp\/v2\/product\/57070\/revisions"}],"predecessor-version":[{"id":58249,"href":"https:\/\/kidslicensing.com\/es\/wp-json\/wp\/v2\/product\/57070\/revisions\/58249"}],"wp:featuredmedia":[{"embeddable":true,"href":"https:\/\/kidslicensing.com\/es\/wp-json\/wp\/v2\/media\/78786"}],"wp:attachment":[{"href":"https:\/\/kidslicensing.com\/es\/wp-json\/wp\/v2\/media?parent=57070"}],"wp:term":[{"taxonomy":"product_cat","embeddable":true,"href":"https:\/\/kidslicensing.com\/es\/wp-json\/wp\/v2\/product_cat?post=57070"},{"taxonomy":"product_tag","embeddable":true,"href":"https:\/\/kidslicensing.com\/es\/wp-json\/wp\/v2\/product_tag?post=57070"}],"curies":[{"name":"wp","href":"https:\/\/api.w.org\/{rel}","templated":true}]}}