{"id":57150,"date":"2021-08-03T16:17:19","date_gmt":"2021-08-03T14:17:19","guid":{"rendered":"https:\/\/kidslicensing.com\/product\/aluminium-torch-spiderman\/"},"modified":"2022-02-24T10:20:14","modified_gmt":"2022-02-24T09:20:14","slug":"aluminium-torch-spiderman","status":"publish","type":"product","link":"https:\/\/kidslicensing.com\/es\/shop\/lighting-es\/torches-es\/aluminium-torch-spiderman\/","title":{"rendered":"LINTERNA ALUMINIO SPIDERMAN"},"content":{"rendered":"","protected":false},"excerpt":{"rendered":"<p>Estas mini linternas LED de aluminio son los accesorios perfectos para llevar durante las actividades de diversi\u00f3n donde quiera que vayas. El expositor incluye 12 piezas en una gama de colores.<\/p>\n<p>Su forma compacta permite colocarlas en bolsillos o bolsos peque\u00f1os. Las linternas vienen con un peque\u00f1o cord\u00f3n para colocarlo alrededor de la mu\u00f1eca.<\/p>\n<p>Es vers\u00e1til y se puede utilizar tanto en interiores como en el exterior en cualquier ocasi\u00f3n. La linterna puede utilizarse con fines educativos cuando se realizan experimentos b\u00e1sicos con la luz.<\/p>\n<p>Que empiece la aventura!<\/p>\n<p><br data-mce-bogus=\"1\"><\/p>\n<p>Referencia: MV15796<\/p>\n","protected":false},"featured_media":7220,"comment_status":"open","ping_status":"closed","template":"","meta":[],"product_cat":[912,933],"product_tag":[1049],"class_list":{"0":"post-57150","1":"product","2":"type-product","3":"status-publish","4":"has-post-thumbnail","5":"hentry","6":"product_cat-lighting-es","7":"product_cat-torches-es","8":"product_tag-spiderman-es","9":"pa_season-novelties-es","11":"entry","12":"has-media","13":"owp-thumbs-layout-horizontal","14":"owp-btn-normal","15":"owp-tabs-layout-horizontal","16":"has-product-nav"},"_links":{"self":[{"href":"https:\/\/kidslicensing.com\/es\/wp-json\/wp\/v2\/product\/57150","targetHints":{"allow":["GET"]}}],"collection":[{"href":"https:\/\/kidslicensing.com\/es\/wp-json\/wp\/v2\/product"}],"about":[{"href":"https:\/\/kidslicensing.com\/es\/wp-json\/wp\/v2\/types\/product"}],"replies":[{"embeddable":true,"href":"https:\/\/kidslicensing.com\/es\/wp-json\/wp\/v2\/comments?post=57150"}],"version-history":[{"count":2,"href":"https:\/\/kidslicensing.com\/es\/wp-json\/wp\/v2\/product\/57150\/revisions"}],"predecessor-version":[{"id":57889,"href":"https:\/\/kidslicensing.com\/es\/wp-json\/wp\/v2\/product\/57150\/revisions\/57889"}],"wp:featuredmedia":[{"embeddable":true,"href":"https:\/\/kidslicensing.com\/es\/wp-json\/wp\/v2\/media\/7220"}],"wp:attachment":[{"href":"https:\/\/kidslicensing.com\/es\/wp-json\/wp\/v2\/media?parent=57150"}],"wp:term":[{"taxonomy":"product_cat","embeddable":true,"href":"https:\/\/kidslicensing.com\/es\/wp-json\/wp\/v2\/product_cat?post=57150"},{"taxonomy":"product_tag","embeddable":true,"href":"https:\/\/kidslicensing.com\/es\/wp-json\/wp\/v2\/product_tag?post=57150"}],"curies":[{"name":"wp","href":"https:\/\/api.w.org\/{rel}","templated":true}]}}