{"id":57166,"date":"2021-08-03T16:17:18","date_gmt":"2021-08-03T14:17:18","guid":{"rendered":"https:\/\/kidslicensing.com\/product\/big-torch-minnie\/"},"modified":"2022-02-24T10:20:17","modified_gmt":"2022-02-24T09:20:17","slug":"big-torch-minnie","status":"publish","type":"product","link":"https:\/\/kidslicensing.com\/es\/shop\/lighting-es\/torches-es\/big-torch-minnie\/","title":{"rendered":"LINTERNA GRANDE MINNIE"},"content":{"rendered":"","protected":false},"excerpt":{"rendered":"<p>Esta linterna LED de pl\u00e1stico es un regalo perfecto para las aventuras nocturnas con los ni\u00f1os.<\/p>\n<p>Es vers\u00e1til y se puede utilizar tanto en interiores como en el interior en cualquier ocasi\u00f3n. La linterna se puede utilizar con fines educativos cuando se realizan experimentos b\u00e1sicos con la luz.<\/p>\n<p>La linterna tiene un bonito dise\u00f1o de Minnie Mouse e incluye un cord\u00f3n corto a juego para llevarla en la mu\u00f1eca y evitar que se caiga. Que empiece la aventura!<\/p>\n<p><\/p>\n<p>Referencia: WD21215<\/p>\n","protected":false},"featured_media":9756,"comment_status":"open","ping_status":"closed","template":"","meta":[],"product_cat":[912,933],"product_tag":[218],"class_list":{"0":"post-57166","1":"product","2":"type-product","3":"status-publish","4":"has-post-thumbnail","5":"hentry","6":"product_cat-lighting-es","7":"product_cat-torches-es","8":"product_tag-minnie-mouse-es","9":"pa_season-novelties-es","11":"entry","12":"has-media","13":"owp-thumbs-layout-horizontal","14":"owp-btn-normal","15":"owp-tabs-layout-horizontal","16":"has-product-nav"},"_links":{"self":[{"href":"https:\/\/kidslicensing.com\/es\/wp-json\/wp\/v2\/product\/57166","targetHints":{"allow":["GET"]}}],"collection":[{"href":"https:\/\/kidslicensing.com\/es\/wp-json\/wp\/v2\/product"}],"about":[{"href":"https:\/\/kidslicensing.com\/es\/wp-json\/wp\/v2\/types\/product"}],"replies":[{"embeddable":true,"href":"https:\/\/kidslicensing.com\/es\/wp-json\/wp\/v2\/comments?post=57166"}],"version-history":[{"count":2,"href":"https:\/\/kidslicensing.com\/es\/wp-json\/wp\/v2\/product\/57166\/revisions"}],"predecessor-version":[{"id":57897,"href":"https:\/\/kidslicensing.com\/es\/wp-json\/wp\/v2\/product\/57166\/revisions\/57897"}],"wp:featuredmedia":[{"embeddable":true,"href":"https:\/\/kidslicensing.com\/es\/wp-json\/wp\/v2\/media\/9756"}],"wp:attachment":[{"href":"https:\/\/kidslicensing.com\/es\/wp-json\/wp\/v2\/media?parent=57166"}],"wp:term":[{"taxonomy":"product_cat","embeddable":true,"href":"https:\/\/kidslicensing.com\/es\/wp-json\/wp\/v2\/product_cat?post=57166"},{"taxonomy":"product_tag","embeddable":true,"href":"https:\/\/kidslicensing.com\/es\/wp-json\/wp\/v2\/product_tag?post=57166"}],"curies":[{"name":"wp","href":"https:\/\/api.w.org\/{rel}","templated":true}]}}