{"id":57272,"date":"2021-08-03T16:17:11","date_gmt":"2021-08-03T14:17:11","guid":{"rendered":"https:\/\/kidslicensing.com\/product\/pom-pom-pen-accessories-sweet-dreams\/"},"modified":"2022-02-24T11:30:47","modified_gmt":"2022-02-24T10:30:47","slug":"pom-pom-pen-accessories-sweet-dreams","status":"publish","type":"product","link":"https:\/\/kidslicensing.com\/es\/shop\/stationery-es\/pens-pencils-es\/pom-pom-pen-accessories-sweet-dreams\/","title":{"rendered":"BOLI POM POM + ACCESORIO &#8211;\u00a0 DISPLAY SWEET DREAMS"},"content":{"rendered":"","protected":false},"excerpt":{"rendered":"<p>\u00bfAlguien te ha pedido un bol\u00edgrafo? Prep\u00e1rate para entregarle este precioso bol\u00edgrafo de tinta azul con un encantador dise\u00f1o de unicornio. Su parte superior con pompones es muy especial. Adem\u00e1s el bol\u00edgrafo trae un amuleto de unicornio a juego para&nbsp; completar el look. Nos encanta verlo.Este expositor de 20 piezas trae un surtido de bol\u00edgrafos con diferentes tonos azules morados y rosas pastel. \u00a1Un sue\u00f1o!<\/p>\n<p><\/p>\n<p>Referencia: KL10652<\/p>\n","protected":false},"featured_media":5644,"comment_status":"open","ping_status":"closed","template":"","meta":[],"product_cat":[969,947],"product_tag":[1050],"class_list":{"0":"post-57272","1":"product","2":"type-product","3":"status-publish","4":"has-post-thumbnail","5":"hentry","6":"product_cat-pens-pencils-es","7":"product_cat-stationery-es","8":"product_tag-sweet-dreams-es","9":"pa_season-novelties-es","11":"entry","12":"has-media","13":"owp-thumbs-layout-horizontal","14":"owp-btn-normal","15":"owp-tabs-layout-horizontal","16":"has-product-nav"},"_links":{"self":[{"href":"https:\/\/kidslicensing.com\/es\/wp-json\/wp\/v2\/product\/57272","targetHints":{"allow":["GET"]}}],"collection":[{"href":"https:\/\/kidslicensing.com\/es\/wp-json\/wp\/v2\/product"}],"about":[{"href":"https:\/\/kidslicensing.com\/es\/wp-json\/wp\/v2\/types\/product"}],"replies":[{"embeddable":true,"href":"https:\/\/kidslicensing.com\/es\/wp-json\/wp\/v2\/comments?post=57272"}],"version-history":[{"count":3,"href":"https:\/\/kidslicensing.com\/es\/wp-json\/wp\/v2\/product\/57272\/revisions"}],"predecessor-version":[{"id":58281,"href":"https:\/\/kidslicensing.com\/es\/wp-json\/wp\/v2\/product\/57272\/revisions\/58281"}],"wp:featuredmedia":[{"embeddable":true,"href":"https:\/\/kidslicensing.com\/es\/wp-json\/wp\/v2\/media\/5644"}],"wp:attachment":[{"href":"https:\/\/kidslicensing.com\/es\/wp-json\/wp\/v2\/media?parent=57272"}],"wp:term":[{"taxonomy":"product_cat","embeddable":true,"href":"https:\/\/kidslicensing.com\/es\/wp-json\/wp\/v2\/product_cat?post=57272"},{"taxonomy":"product_tag","embeddable":true,"href":"https:\/\/kidslicensing.com\/es\/wp-json\/wp\/v2\/product_tag?post=57272"}],"curies":[{"name":"wp","href":"https:\/\/api.w.org\/{rel}","templated":true}]}}