{"id":57304,"date":"2021-08-03T16:17:08","date_gmt":"2021-08-03T14:17:08","guid":{"rendered":"https:\/\/kidslicensing.com\/product\/game-watch-paw-patrol\/"},"modified":"2023-05-17T15:36:30","modified_gmt":"2023-05-17T13:36:30","slug":"game-watch-paw-patrol","status":"publish","type":"product","link":"https:\/\/kidslicensing.com\/es\/shop\/watches-clocks-es\/digital-watches-es\/game-watch-paw-patrol\/","title":{"rendered":"RELOJ INTELIGENTE PAW PATROL"},"content":{"rendered":"","protected":false},"excerpt":{"rendered":"<p>Equ\u00edpate con la \u00faltima tendencia del mercado en relojes! Este reloj inteligente multifuncional es el accesorio perfecto para ni\u00f1os de 4 a 6 a\u00f1os listos para aprender y divertirse en el proceso!<\/p>\n<p>El reloj inteligente tiene m\u00e1s de 12 funciones pr\u00e1cticas creativas y educativas para lograr una experiencia completa.<\/p>\n<p>Funciones Pr\u00e1cticas:<\/p>\n<ul>\n<li>Antorcha<\/li>\n<li>Calendario<\/li>\n<li>Alarma y Cron\u00f3metro<\/li>\n<li>Rastreador de pasos<\/li>\n<\/ul>\n<p>Funciones Creativas:<\/p>\n<ul>\n<li>Tomar fotos y v\u00eddeos<\/li>\n<li>Galer\u00eda de v\u00eddeos e im\u00e1genes<\/li>\n<li>Grabaciones de voz<\/li>\n<li>Reproductor M\u00fasica MP3 Funciones Educacionales<\/li>\n<li>Juegos- Aprende Las Horas<\/li>\n<li>Calculadora<\/li>\n<li>Idiomas: Ingl\u00e9s\/Espa\u00f1ol\/Franc\u00e9s\/Portugu\u00e9s\/Italiano\/Alem\u00e1n<\/li>\n<\/ul>\n<p><br data-mce-bogus=\"1\"><\/p>\n<p>Referencia: PW19836<\/p>\n","protected":false},"featured_media":8404,"comment_status":"open","ping_status":"closed","template":"","meta":[],"product_cat":[997,989,1032,1045],"product_tag":[225],"class_list":{"0":"post-57304","1":"product","2":"type-product","3":"status-publish","4":"has-post-thumbnail","5":"hentry","6":"product_cat-electronics-toys-es","7":"product_cat-toys-es","8":"product_cat-watches-clocks-es","9":"product_cat-digital-watches-es","10":"product_tag-paw-patrol-es","11":"pa_season-novelties-es","13":"entry","14":"has-media","15":"owp-thumbs-layout-horizontal","16":"owp-btn-normal","17":"owp-tabs-layout-horizontal","18":"has-product-nav"},"_links":{"self":[{"href":"https:\/\/kidslicensing.com\/es\/wp-json\/wp\/v2\/product\/57304","targetHints":{"allow":["GET"]}}],"collection":[{"href":"https:\/\/kidslicensing.com\/es\/wp-json\/wp\/v2\/product"}],"about":[{"href":"https:\/\/kidslicensing.com\/es\/wp-json\/wp\/v2\/types\/product"}],"replies":[{"embeddable":true,"href":"https:\/\/kidslicensing.com\/es\/wp-json\/wp\/v2\/comments?post=57304"}],"version-history":[{"count":2,"href":"https:\/\/kidslicensing.com\/es\/wp-json\/wp\/v2\/product\/57304\/revisions"}],"predecessor-version":[{"id":57966,"href":"https:\/\/kidslicensing.com\/es\/wp-json\/wp\/v2\/product\/57304\/revisions\/57966"}],"wp:featuredmedia":[{"embeddable":true,"href":"https:\/\/kidslicensing.com\/es\/wp-json\/wp\/v2\/media\/8404"}],"wp:attachment":[{"href":"https:\/\/kidslicensing.com\/es\/wp-json\/wp\/v2\/media?parent=57304"}],"wp:term":[{"taxonomy":"product_cat","embeddable":true,"href":"https:\/\/kidslicensing.com\/es\/wp-json\/wp\/v2\/product_cat?post=57304"},{"taxonomy":"product_tag","embeddable":true,"href":"https:\/\/kidslicensing.com\/es\/wp-json\/wp\/v2\/product_tag?post=57304"}],"curies":[{"name":"wp","href":"https:\/\/api.w.org\/{rel}","templated":true}]}}