{"id":61510,"date":"2022-09-07T12:38:44","date_gmt":"2022-09-07T10:38:44","guid":{"rendered":"https:\/\/kidslicensing.com\/?post_type=product&#038;p=61510"},"modified":"2022-11-30T13:09:47","modified_gmt":"2022-11-30T12:09:47","slug":"frootimals-set-cuchara-tenedor-melany-melephant","status":"publish","type":"product","link":"https:\/\/kidslicensing.com\/es\/shop\/toys-es\/primera-infancia-es\/frootimals-set-cuchara-tenedor-melany-melephant\/","title":{"rendered":"MEAL  TIME- SET CUCHARA Y TENEDOR MELANY MELEPHANT FROOTIMALS"},"content":{"rendered":"","protected":false},"excerpt":{"rendered":"<p>Este set de cuchara y tenedor de Melany Melephant es el compa\u00f1ero ideal para que tu beb\u00e9 aprenda a comer solito. Los Frootimals quieren estar presentes en todos los momentos del d\u00eda y, con este set, les acompa\u00f1aran durante sus comidas. Fabricados con silicona y con un sistema anti choque y anti atragantamiento, los cubiertos son totalmente seguros, no hay peligro de que tu peque se haga da\u00f1o en todos los intentos de meterse la comida en la boca. Adem\u00e1s el material est\u00e1 totalmente libre de BPA.<\/p>\n","protected":false},"featured_media":60974,"comment_status":"open","ping_status":"closed","template":"","meta":[],"product_cat":[7982],"product_tag":[7983],"class_list":{"0":"post-61510","1":"product","2":"type-product","3":"status-publish","4":"has-post-thumbnail","5":"hentry","6":"product_cat-primera-infancia-es","7":"product_tag-frootimals","8":"pa_season-novelties-es","10":"entry","11":"has-media","12":"owp-thumbs-layout-horizontal","13":"owp-btn-normal","14":"owp-tabs-layout-horizontal","15":"has-product-nav"},"_links":{"self":[{"href":"https:\/\/kidslicensing.com\/es\/wp-json\/wp\/v2\/product\/61510","targetHints":{"allow":["GET"]}}],"collection":[{"href":"https:\/\/kidslicensing.com\/es\/wp-json\/wp\/v2\/product"}],"about":[{"href":"https:\/\/kidslicensing.com\/es\/wp-json\/wp\/v2\/types\/product"}],"replies":[{"embeddable":true,"href":"https:\/\/kidslicensing.com\/es\/wp-json\/wp\/v2\/comments?post=61510"}],"version-history":[{"count":2,"href":"https:\/\/kidslicensing.com\/es\/wp-json\/wp\/v2\/product\/61510\/revisions"}],"predecessor-version":[{"id":62565,"href":"https:\/\/kidslicensing.com\/es\/wp-json\/wp\/v2\/product\/61510\/revisions\/62565"}],"wp:featuredmedia":[{"embeddable":true,"href":"https:\/\/kidslicensing.com\/es\/wp-json\/wp\/v2\/media\/60974"}],"wp:attachment":[{"href":"https:\/\/kidslicensing.com\/es\/wp-json\/wp\/v2\/media?parent=61510"}],"wp:term":[{"taxonomy":"product_cat","embeddable":true,"href":"https:\/\/kidslicensing.com\/es\/wp-json\/wp\/v2\/product_cat?post=61510"},{"taxonomy":"product_tag","embeddable":true,"href":"https:\/\/kidslicensing.com\/es\/wp-json\/wp\/v2\/product_tag?post=61510"}],"curies":[{"name":"wp","href":"https:\/\/api.w.org\/{rel}","templated":true}]}}