{"id":61800,"date":"2022-09-07T12:45:34","date_gmt":"2022-09-07T10:45:34","guid":{"rendered":"https:\/\/kidslicensing.com\/?post_type=product&#038;p=61800"},"modified":"2022-11-30T13:09:48","modified_gmt":"2022-11-30T12:09:48","slug":"wow-generation-mochila-paseo-transparente","status":"publish","type":"product","link":"https:\/\/kidslicensing.com\/es\/shop\/bags-backpacks-es\/backpacks-es\/wow-generation-mochila-paseo-transparente\/","title":{"rendered":"MOCHILA DE PASEO TRASPARENTE 32 CM WOW GENERATION"},"content":{"rendered":"","protected":false},"excerpt":{"rendered":"<p>Esta mochila de paseo es ideal para cualquier salida de tu peque\u00f1a. Con un dise\u00f1o transparente de color lila es ideal para que tu hija vaya a la aut\u00e9ntica moda como una buena chica WOW. Tanto para salir de excursi\u00f3n como una tarde con amigas, esta mochila es perfecta para llevar todas sus pertinencias a todas partes. Adem\u00e1s su material impermeable hace que sea totalmente segura para salvaguardarlo todo. La mochila tiene un compartimento grande y un bolsillo delantero m\u00e1s peque\u00f1o, los dos con cierre de cremallera y mide 32 cm<\/p>\n","protected":false},"featured_media":62054,"comment_status":"open","ping_status":"closed","template":"","meta":[],"product_cat":[801],"product_tag":[8022],"class_list":{"0":"post-61800","1":"product","2":"type-product","3":"status-publish","4":"has-post-thumbnail","5":"hentry","6":"product_cat-backpacks-es","7":"product_tag-wow-generation","8":"pa_season-novelties-es","10":"entry","11":"has-media","12":"owp-thumbs-layout-horizontal","13":"owp-btn-normal","14":"owp-tabs-layout-horizontal","15":"has-product-nav"},"_links":{"self":[{"href":"https:\/\/kidslicensing.com\/es\/wp-json\/wp\/v2\/product\/61800","targetHints":{"allow":["GET"]}}],"collection":[{"href":"https:\/\/kidslicensing.com\/es\/wp-json\/wp\/v2\/product"}],"about":[{"href":"https:\/\/kidslicensing.com\/es\/wp-json\/wp\/v2\/types\/product"}],"replies":[{"embeddable":true,"href":"https:\/\/kidslicensing.com\/es\/wp-json\/wp\/v2\/comments?post=61800"}],"version-history":[{"count":1,"href":"https:\/\/kidslicensing.com\/es\/wp-json\/wp\/v2\/product\/61800\/revisions"}],"predecessor-version":[{"id":62279,"href":"https:\/\/kidslicensing.com\/es\/wp-json\/wp\/v2\/product\/61800\/revisions\/62279"}],"wp:featuredmedia":[{"embeddable":true,"href":"https:\/\/kidslicensing.com\/es\/wp-json\/wp\/v2\/media\/62054"}],"wp:attachment":[{"href":"https:\/\/kidslicensing.com\/es\/wp-json\/wp\/v2\/media?parent=61800"}],"wp:term":[{"taxonomy":"product_cat","embeddable":true,"href":"https:\/\/kidslicensing.com\/es\/wp-json\/wp\/v2\/product_cat?post=61800"},{"taxonomy":"product_tag","embeddable":true,"href":"https:\/\/kidslicensing.com\/es\/wp-json\/wp\/v2\/product_tag?post=61800"}],"curies":[{"name":"wp","href":"https:\/\/api.w.org\/{rel}","templated":true}]}}