{"id":61801,"date":"2022-09-07T12:45:35","date_gmt":"2022-09-07T10:45:35","guid":{"rendered":"https:\/\/kidslicensing.com\/?post_type=product&#038;p=61801"},"modified":"2022-11-30T13:09:48","modified_gmt":"2022-11-30T12:09:48","slug":"wow-generation-mochila-escolar-alana","status":"publish","type":"product","link":"https:\/\/kidslicensing.com\/es\/shop\/bags-backpacks-es\/backpacks-es\/wow-generation-mochila-escolar-alana\/","title":{"rendered":"MOCHILA ESCOLAR ALANA 40 CM WOW GENERATION"},"content":{"rendered":"","protected":false},"excerpt":{"rendered":"<p>Con la mochila escolar de las WOW, tu hija va a ir super bien equipada en el nuevo curso. Para terminar de sentirse una aut\u00e9ntica chica WOW, tu ni\u00f1a necesita este complemento perfecto para llevar todos sus libros y utensilios con el mejor estilo WOW. La mochila tiene un estilo muy moderno con todos los detalles caracter\u00edsticos de las WOW. La mochila tiene 1 compartimento grando y un bolsillo delantero m\u00e1s peque\u00f1o, los dos con cierre de cremallera. Adem\u00e1s tiene la medida ideal para ir al cole: 40 cm<\/p>\n","protected":false},"featured_media":62022,"comment_status":"open","ping_status":"closed","template":"","meta":[],"product_cat":[801],"product_tag":[8022],"class_list":{"0":"post-61801","1":"product","2":"type-product","3":"status-publish","4":"has-post-thumbnail","5":"hentry","6":"product_cat-backpacks-es","7":"product_tag-wow-generation","8":"pa_season-novelties-es","10":"entry","11":"has-media","12":"owp-thumbs-layout-horizontal","13":"owp-btn-normal","14":"owp-tabs-layout-horizontal","15":"has-product-nav"},"_links":{"self":[{"href":"https:\/\/kidslicensing.com\/es\/wp-json\/wp\/v2\/product\/61801","targetHints":{"allow":["GET"]}}],"collection":[{"href":"https:\/\/kidslicensing.com\/es\/wp-json\/wp\/v2\/product"}],"about":[{"href":"https:\/\/kidslicensing.com\/es\/wp-json\/wp\/v2\/types\/product"}],"replies":[{"embeddable":true,"href":"https:\/\/kidslicensing.com\/es\/wp-json\/wp\/v2\/comments?post=61801"}],"version-history":[{"count":1,"href":"https:\/\/kidslicensing.com\/es\/wp-json\/wp\/v2\/product\/61801\/revisions"}],"predecessor-version":[{"id":62278,"href":"https:\/\/kidslicensing.com\/es\/wp-json\/wp\/v2\/product\/61801\/revisions\/62278"}],"wp:featuredmedia":[{"embeddable":true,"href":"https:\/\/kidslicensing.com\/es\/wp-json\/wp\/v2\/media\/62022"}],"wp:attachment":[{"href":"https:\/\/kidslicensing.com\/es\/wp-json\/wp\/v2\/media?parent=61801"}],"wp:term":[{"taxonomy":"product_cat","embeddable":true,"href":"https:\/\/kidslicensing.com\/es\/wp-json\/wp\/v2\/product_cat?post=61801"},{"taxonomy":"product_tag","embeddable":true,"href":"https:\/\/kidslicensing.com\/es\/wp-json\/wp\/v2\/product_tag?post=61801"}],"curies":[{"name":"wp","href":"https:\/\/api.w.org\/{rel}","templated":true}]}}