{"id":61821,"date":"2022-09-07T12:45:50","date_gmt":"2022-09-07T10:45:50","guid":{"rendered":"https:\/\/kidslicensing.com\/?post_type=product&#038;p=61821"},"modified":"2022-11-30T13:09:51","modified_gmt":"2022-11-30T12:09:51","slug":"frootimals-chupete-silicona-fruta-orangiefly","status":"publish","type":"product","link":"https:\/\/kidslicensing.com\/es\/shop\/toys-es\/primera-infancia-es\/frootimals-chupete-silicona-fruta-orangiefly\/","title":{"rendered":"MEAL TIME- CHUPETE SILICONA PARA FRUTA ORANGIEFLY FROOTIMALS"},"content":{"rendered":"","protected":false},"excerpt":{"rendered":"<p>Con este chupete de silicona, OrangieFly estar\u00e1 al lado de tu beb\u00e9 en todas las comidas. Este accesorio ayudar\u00e1 a su desarrollo temprano a la hora de comer, pasando del l\u00edquido al s\u00f3lido. El chupete tiene un compartimento para poner la fruta s\u00f3lida y, cuando el beb\u00e9 se ponga el chupete en la boca, va a empezar a sorber y, poco a poco, aprender\u00e1 a masticar para obtener el alimento. Adem\u00e1s, puedes poner el chupete en el congelador para que tambi\u00e9n sirva de alivio para sus encias cuando le empiezan a salir los dientes. El material de silicona est\u00e1 totalmente libre de BPA.<\/p>\n","protected":false},"featured_media":60990,"comment_status":"open","ping_status":"closed","template":"","meta":[],"product_cat":[7982],"product_tag":[7983],"class_list":{"0":"post-61821","1":"product","2":"type-product","3":"status-publish","4":"has-post-thumbnail","5":"hentry","6":"product_cat-primera-infancia-es","7":"product_tag-frootimals","8":"pa_season-novelties-es","10":"entry","11":"has-media","12":"owp-thumbs-layout-horizontal","13":"owp-btn-normal","14":"owp-tabs-layout-horizontal","15":"has-product-nav"},"_links":{"self":[{"href":"https:\/\/kidslicensing.com\/es\/wp-json\/wp\/v2\/product\/61821","targetHints":{"allow":["GET"]}}],"collection":[{"href":"https:\/\/kidslicensing.com\/es\/wp-json\/wp\/v2\/product"}],"about":[{"href":"https:\/\/kidslicensing.com\/es\/wp-json\/wp\/v2\/types\/product"}],"replies":[{"embeddable":true,"href":"https:\/\/kidslicensing.com\/es\/wp-json\/wp\/v2\/comments?post=61821"}],"version-history":[{"count":1,"href":"https:\/\/kidslicensing.com\/es\/wp-json\/wp\/v2\/product\/61821\/revisions"}],"predecessor-version":[{"id":62118,"href":"https:\/\/kidslicensing.com\/es\/wp-json\/wp\/v2\/product\/61821\/revisions\/62118"}],"wp:featuredmedia":[{"embeddable":true,"href":"https:\/\/kidslicensing.com\/es\/wp-json\/wp\/v2\/media\/60990"}],"wp:attachment":[{"href":"https:\/\/kidslicensing.com\/es\/wp-json\/wp\/v2\/media?parent=61821"}],"wp:term":[{"taxonomy":"product_cat","embeddable":true,"href":"https:\/\/kidslicensing.com\/es\/wp-json\/wp\/v2\/product_cat?post=61821"},{"taxonomy":"product_tag","embeddable":true,"href":"https:\/\/kidslicensing.com\/es\/wp-json\/wp\/v2\/product_tag?post=61821"}],"curies":[{"name":"wp","href":"https:\/\/api.w.org\/{rel}","templated":true}]}}