{"id":62174,"date":"2022-09-07T13:08:27","date_gmt":"2022-09-07T11:08:27","guid":{"rendered":"https:\/\/kidslicensing.com\/?post_type=product&#038;p=62174"},"modified":"2022-11-30T13:09:53","modified_gmt":"2022-11-30T12:09:53","slug":"frootimals-plato-silicona-antideslizante-orangiefly","status":"publish","type":"product","link":"https:\/\/kidslicensing.com\/es\/shop\/toys-es\/primera-infancia-es\/frootimals-plato-silicona-antideslizante-orangiefly\/","title":{"rendered":"MEAL\n  TIME- PLATO SILICONA ANTI-DESLIZANTE ORANGIEFLY FROOTIMALS"},"content":{"rendered":"","protected":false},"excerpt":{"rendered":"<p>El plato de silicona acompa\u00f1ar\u00e1 a tu beb\u00e9 en su aprendizaje para comer solo. Su funci\u00f3n anti-deslizante es gracias a su sistema de adhesi\u00f3n que se fija en cualquier superficie para que el plato no se mueva y el beb\u00e9 pueda experimentar con total tranquilidad con la comida. El plato de OrangieFly consta de 3 compartimentos, para separar la comida de forma totalmente independiente. Adem\u00e1s, su material de silicona libre de BPA, hace que sea muy ligero y adaptable para un f\u00e1cil transporte.<\/p>\n","protected":false},"featured_media":61062,"comment_status":"open","ping_status":"closed","template":"","meta":[],"product_cat":[7982],"product_tag":[7983],"class_list":{"0":"post-62174","1":"product","2":"type-product","3":"status-publish","4":"has-post-thumbnail","5":"hentry","6":"product_cat-primera-infancia-es","7":"product_tag-frootimals","8":"pa_season-novelties-es","10":"entry","11":"has-media","12":"owp-thumbs-layout-horizontal","13":"owp-btn-normal","14":"owp-tabs-layout-horizontal","15":"has-product-nav"},"_links":{"self":[{"href":"https:\/\/kidslicensing.com\/es\/wp-json\/wp\/v2\/product\/62174","targetHints":{"allow":["GET"]}}],"collection":[{"href":"https:\/\/kidslicensing.com\/es\/wp-json\/wp\/v2\/product"}],"about":[{"href":"https:\/\/kidslicensing.com\/es\/wp-json\/wp\/v2\/types\/product"}],"replies":[{"embeddable":true,"href":"https:\/\/kidslicensing.com\/es\/wp-json\/wp\/v2\/comments?post=62174"}],"version-history":[{"count":1,"href":"https:\/\/kidslicensing.com\/es\/wp-json\/wp\/v2\/product\/62174\/revisions"}],"predecessor-version":[{"id":62175,"href":"https:\/\/kidslicensing.com\/es\/wp-json\/wp\/v2\/product\/62174\/revisions\/62175"}],"wp:featuredmedia":[{"embeddable":true,"href":"https:\/\/kidslicensing.com\/es\/wp-json\/wp\/v2\/media\/61062"}],"wp:attachment":[{"href":"https:\/\/kidslicensing.com\/es\/wp-json\/wp\/v2\/media?parent=62174"}],"wp:term":[{"taxonomy":"product_cat","embeddable":true,"href":"https:\/\/kidslicensing.com\/es\/wp-json\/wp\/v2\/product_cat?post=62174"},{"taxonomy":"product_tag","embeddable":true,"href":"https:\/\/kidslicensing.com\/es\/wp-json\/wp\/v2\/product_tag?post=62174"}],"curies":[{"name":"wp","href":"https:\/\/api.w.org\/{rel}","templated":true}]}}