{"id":62178,"date":"2022-09-07T13:24:41","date_gmt":"2022-09-07T11:24:41","guid":{"rendered":"https:\/\/kidslicensing.com\/?post_type=product&#038;p=62178"},"modified":"2022-11-30T13:09:54","modified_gmt":"2022-11-30T12:09:54","slug":"frootinmals-vaso-aprendizaje-bubba-tropibear","status":"publish","type":"product","link":"https:\/\/kidslicensing.com\/es\/shop\/toys-es\/primera-infancia-es\/frootinmals-vaso-aprendizaje-bubba-tropibear\/","title":{"rendered":"MEAL\n  TIME- VASO APRENDIZAJE SORBITOS ORANGIEFLY FROOTIMALS"},"content":{"rendered":"","protected":false},"excerpt":{"rendered":"<p>Con el vaso de aprendizaje de OrangieFly, tu beb\u00e9 va a estar muy bien acompa\u00f1ado en su aventura de aprender a beber solito con vaso de mayores. Este vaso con asas es ideal para su desarrollo temprano. El beb\u00e9 morder\u00e1 la base de silicona blanda para que le salga el agua y, as\u00ed, aprender a sorber como un ni\u00f1o mayor. Adem\u00e1s, si pones el vaso con la silicona en el congelador, le va a servir como alivio de las enc\u00edas cuando le nazcan los dientes.<\/p>\n","protected":false},"featured_media":61094,"comment_status":"open","ping_status":"closed","template":"","meta":[],"product_cat":[7982],"product_tag":[7983],"class_list":{"0":"post-62178","1":"product","2":"type-product","3":"status-publish","4":"has-post-thumbnail","5":"hentry","6":"product_cat-primera-infancia-es","7":"product_tag-frootimals","8":"pa_season-novelties-es","10":"entry","11":"has-media","12":"owp-thumbs-layout-horizontal","13":"owp-btn-normal","14":"owp-tabs-layout-horizontal","15":"has-product-nav"},"_links":{"self":[{"href":"https:\/\/kidslicensing.com\/es\/wp-json\/wp\/v2\/product\/62178","targetHints":{"allow":["GET"]}}],"collection":[{"href":"https:\/\/kidslicensing.com\/es\/wp-json\/wp\/v2\/product"}],"about":[{"href":"https:\/\/kidslicensing.com\/es\/wp-json\/wp\/v2\/types\/product"}],"replies":[{"embeddable":true,"href":"https:\/\/kidslicensing.com\/es\/wp-json\/wp\/v2\/comments?post=62178"}],"version-history":[{"count":2,"href":"https:\/\/kidslicensing.com\/es\/wp-json\/wp\/v2\/product\/62178\/revisions"}],"predecessor-version":[{"id":62180,"href":"https:\/\/kidslicensing.com\/es\/wp-json\/wp\/v2\/product\/62178\/revisions\/62180"}],"wp:featuredmedia":[{"embeddable":true,"href":"https:\/\/kidslicensing.com\/es\/wp-json\/wp\/v2\/media\/61094"}],"wp:attachment":[{"href":"https:\/\/kidslicensing.com\/es\/wp-json\/wp\/v2\/media?parent=62178"}],"wp:term":[{"taxonomy":"product_cat","embeddable":true,"href":"https:\/\/kidslicensing.com\/es\/wp-json\/wp\/v2\/product_cat?post=62178"},{"taxonomy":"product_tag","embeddable":true,"href":"https:\/\/kidslicensing.com\/es\/wp-json\/wp\/v2\/product_tag?post=62178"}],"curies":[{"name":"wp","href":"https:\/\/api.w.org\/{rel}","templated":true}]}}