{"id":62183,"date":"2022-09-07T13:38:55","date_gmt":"2022-09-07T11:38:55","guid":{"rendered":"https:\/\/kidslicensing.com\/?post_type=product&#038;p=62183"},"modified":"2022-11-30T13:09:55","modified_gmt":"2022-11-30T12:09:55","slug":"frootimals-babero-silicona-miss-pio-chickicado","status":"publish","type":"product","link":"https:\/\/kidslicensing.com\/es\/shop\/toys-es\/primera-infancia-es\/frootimals-babero-silicona-miss-pio-chickicado\/","title":{"rendered":"MEAL\n  TIME- BABERO SILICONA MISS PIO CHICKICADO FROOTIMALS"},"content":{"rendered":"","protected":false},"excerpt":{"rendered":"<p>Miss Pio Chickicado y su divertido babero van a acompa\u00f1ar a tu beb\u00e9 en todas sus comidas. Su bolsillo delantero minimiza el derroche de comida mientras tu peque se centra en aprender a comer solito. Adem\u00e1s, su cierre regulador se adaptar\u00e1 a la perfecci\u00f3n a su cuello. Gracias a su material de silicona libre de BPA, podr\u00e1s enrollarlo y transportarlo a cualquier lugar de forma muy sencilla.<\/p>\n","protected":false},"featured_media":61118,"comment_status":"open","ping_status":"closed","template":"","meta":[],"product_cat":[7982],"product_tag":[7983],"class_list":{"0":"post-62183","1":"product","2":"type-product","3":"status-publish","4":"has-post-thumbnail","5":"hentry","6":"product_cat-primera-infancia-es","7":"product_tag-frootimals","8":"pa_season-novelties-es","10":"entry","11":"has-media","12":"owp-thumbs-layout-horizontal","13":"owp-btn-normal","14":"owp-tabs-layout-horizontal","15":"has-product-nav"},"_links":{"self":[{"href":"https:\/\/kidslicensing.com\/es\/wp-json\/wp\/v2\/product\/62183","targetHints":{"allow":["GET"]}}],"collection":[{"href":"https:\/\/kidslicensing.com\/es\/wp-json\/wp\/v2\/product"}],"about":[{"href":"https:\/\/kidslicensing.com\/es\/wp-json\/wp\/v2\/types\/product"}],"replies":[{"embeddable":true,"href":"https:\/\/kidslicensing.com\/es\/wp-json\/wp\/v2\/comments?post=62183"}],"version-history":[{"count":1,"href":"https:\/\/kidslicensing.com\/es\/wp-json\/wp\/v2\/product\/62183\/revisions"}],"predecessor-version":[{"id":62184,"href":"https:\/\/kidslicensing.com\/es\/wp-json\/wp\/v2\/product\/62183\/revisions\/62184"}],"wp:featuredmedia":[{"embeddable":true,"href":"https:\/\/kidslicensing.com\/es\/wp-json\/wp\/v2\/media\/61118"}],"wp:attachment":[{"href":"https:\/\/kidslicensing.com\/es\/wp-json\/wp\/v2\/media?parent=62183"}],"wp:term":[{"taxonomy":"product_cat","embeddable":true,"href":"https:\/\/kidslicensing.com\/es\/wp-json\/wp\/v2\/product_cat?post=62183"},{"taxonomy":"product_tag","embeddable":true,"href":"https:\/\/kidslicensing.com\/es\/wp-json\/wp\/v2\/product_tag?post=62183"}],"curies":[{"name":"wp","href":"https:\/\/api.w.org\/{rel}","templated":true}]}}