{"id":62204,"date":"2022-09-07T15:40:42","date_gmt":"2022-09-07T13:40:42","guid":{"rendered":"https:\/\/kidslicensing.com\/?post_type=product&#038;p=62204"},"modified":"2022-11-30T13:09:59","modified_gmt":"2022-11-30T12:09:59","slug":"frootimals-sonajero-peluche-melany-melephant","status":"publish","type":"product","link":"https:\/\/kidslicensing.com\/es\/shop\/toys-es\/primera-infancia-es\/frootimals-sonajero-peluche-melany-melephant\/","title":{"rendered":"DISCOVERY\n  &#038; PLAY- SONAJERO CON PELUCHE MELANY MELEPHANT FROOTIMALS"},"content":{"rendered":"","protected":false},"excerpt":{"rendered":"<p>Tu beb\u00e9 est\u00e1 en plena etapa de aprender y descubrir y, con el sonajero de Melany Melephant, va a descubrir texturas y sonidos nuevos que le van a estimular sus sentidos de forma temprana. La textura suave de su peluche le va a estimular el tacto y sus habilidades motoras finas, y el sonajero ayudar\u00e1 q desarrollar su o\u00eddo y su sentido de la coordinaci\u00f3n. Adem\u00e1s, el aro del sonajero le puede servir como mordedor, para calmar el dolor de sus enc\u00edas cuando le empiecen a salir los dientes.<\/p>\n","protected":false},"featured_media":61302,"comment_status":"open","ping_status":"closed","template":"","meta":[],"product_cat":[7982],"product_tag":[7983],"class_list":{"0":"post-62204","1":"product","2":"type-product","3":"status-publish","4":"has-post-thumbnail","5":"hentry","6":"product_cat-primera-infancia-es","7":"product_tag-frootimals","8":"pa_season-novalties","10":"entry","11":"has-media","12":"owp-thumbs-layout-horizontal","13":"owp-btn-normal","14":"owp-tabs-layout-horizontal","15":"has-product-nav"},"_links":{"self":[{"href":"https:\/\/kidslicensing.com\/es\/wp-json\/wp\/v2\/product\/62204","targetHints":{"allow":["GET"]}}],"collection":[{"href":"https:\/\/kidslicensing.com\/es\/wp-json\/wp\/v2\/product"}],"about":[{"href":"https:\/\/kidslicensing.com\/es\/wp-json\/wp\/v2\/types\/product"}],"replies":[{"embeddable":true,"href":"https:\/\/kidslicensing.com\/es\/wp-json\/wp\/v2\/comments?post=62204"}],"version-history":[{"count":1,"href":"https:\/\/kidslicensing.com\/es\/wp-json\/wp\/v2\/product\/62204\/revisions"}],"predecessor-version":[{"id":62205,"href":"https:\/\/kidslicensing.com\/es\/wp-json\/wp\/v2\/product\/62204\/revisions\/62205"}],"wp:featuredmedia":[{"embeddable":true,"href":"https:\/\/kidslicensing.com\/es\/wp-json\/wp\/v2\/media\/61302"}],"wp:attachment":[{"href":"https:\/\/kidslicensing.com\/es\/wp-json\/wp\/v2\/media?parent=62204"}],"wp:term":[{"taxonomy":"product_cat","embeddable":true,"href":"https:\/\/kidslicensing.com\/es\/wp-json\/wp\/v2\/product_cat?post=62204"},{"taxonomy":"product_tag","embeddable":true,"href":"https:\/\/kidslicensing.com\/es\/wp-json\/wp\/v2\/product_tag?post=62204"}],"curies":[{"name":"wp","href":"https:\/\/api.w.org\/{rel}","templated":true}]}}