{"id":62206,"date":"2022-09-07T15:47:15","date_gmt":"2022-09-07T13:47:15","guid":{"rendered":"https:\/\/kidslicensing.com\/?post_type=product&#038;p=62206"},"modified":"2022-11-30T13:09:59","modified_gmt":"2022-11-30T12:09:59","slug":"wow-generation-auriculares-bluetooth-micro","status":"publish","type":"product","link":"https:\/\/kidslicensing.com\/es\/shop\/toys-es\/primera-infancia-es\/wow-generation-auriculares-bluetooth-micro\/","title":{"rendered":"AURICULARES BLUETOOTH CON MICRO WOW GENERATION"},"content":{"rendered":"","protected":false},"excerpt":{"rendered":"<p>Para vivir el efecto WOW total, estos auriculares son el complemento perfecto para que tu hija sienta todo el ritmo a la perfecci\u00f3n. Con conexi\u00f3n Bluetooth, la ni\u00f1a va a poder conectar los auriculares a cualquier dispositivo y escuchar su m\u00fasica favorita en todas partes. Adem\u00e1s, con su micro incorporado, podr\u00e1 hacer sus streams y v\u00eddeos live con total comodidad. Los auriculares son el accesorio ideal para ser una aut\u00e9ntica chica WOW.<\/p>\n","protected":false},"featured_media":61894,"comment_status":"open","ping_status":"closed","template":"","meta":[],"product_cat":[7982],"product_tag":[8022],"class_list":{"0":"post-62206","1":"product","2":"type-product","3":"status-publish","4":"has-post-thumbnail","5":"hentry","6":"product_cat-primera-infancia-es","7":"product_tag-wow-generation","8":"pa_season-novalties","10":"entry","11":"has-media","12":"owp-thumbs-layout-horizontal","13":"owp-btn-normal","14":"owp-tabs-layout-horizontal","15":"has-product-nav"},"_links":{"self":[{"href":"https:\/\/kidslicensing.com\/es\/wp-json\/wp\/v2\/product\/62206","targetHints":{"allow":["GET"]}}],"collection":[{"href":"https:\/\/kidslicensing.com\/es\/wp-json\/wp\/v2\/product"}],"about":[{"href":"https:\/\/kidslicensing.com\/es\/wp-json\/wp\/v2\/types\/product"}],"replies":[{"embeddable":true,"href":"https:\/\/kidslicensing.com\/es\/wp-json\/wp\/v2\/comments?post=62206"}],"version-history":[{"count":1,"href":"https:\/\/kidslicensing.com\/es\/wp-json\/wp\/v2\/product\/62206\/revisions"}],"predecessor-version":[{"id":62273,"href":"https:\/\/kidslicensing.com\/es\/wp-json\/wp\/v2\/product\/62206\/revisions\/62273"}],"wp:featuredmedia":[{"embeddable":true,"href":"https:\/\/kidslicensing.com\/es\/wp-json\/wp\/v2\/media\/61894"}],"wp:attachment":[{"href":"https:\/\/kidslicensing.com\/es\/wp-json\/wp\/v2\/media?parent=62206"}],"wp:term":[{"taxonomy":"product_cat","embeddable":true,"href":"https:\/\/kidslicensing.com\/es\/wp-json\/wp\/v2\/product_cat?post=62206"},{"taxonomy":"product_tag","embeddable":true,"href":"https:\/\/kidslicensing.com\/es\/wp-json\/wp\/v2\/product_tag?post=62206"}],"curies":[{"name":"wp","href":"https:\/\/api.w.org\/{rel}","templated":true}]}}