{"id":62211,"date":"2022-09-07T15:56:01","date_gmt":"2022-09-07T13:56:01","guid":{"rendered":"https:\/\/kidslicensing.com\/?post_type=product&#038;p=62211"},"modified":"2023-01-11T09:43:50","modified_gmt":"2023-01-11T08:43:50","slug":"frootimals-arrastrador-primeros-pasos-orangiefly","status":"publish","type":"product","link":"https:\/\/kidslicensing.com\/es\/shop\/toys-es\/primera-infancia-es\/frootimals-arrastrador-primeros-pasos-orangiefly\/","title":{"rendered":"DISCOVERY\n  &#038; PLAY- ARRASTRADOR PRIMEROS PASOS DE MADERA ORANGIEFLY FROOTIMALS"},"content":{"rendered":"","protected":false},"excerpt":{"rendered":"<p>Tenemos el compa\u00f1ero perfecto para los primeros pasos de tu beb\u00e9. Con el arrastrador de madera de OrangieFly, tu beb\u00e9 va a aprender a dar sus primeros pasitos y va a estimular los sentidos de la coordinaci\u00f3n y el equilibrio. Le va a encantar pasear con su personaje favorito de los Frootimals mientras giran sus alas y mueve sus antenas. Realizado de madera natural eco-friendly y con ruedas de goma, tu peque va a arrastrar la cuerda al son de sus pasitos.<\/p>\n","protected":false},"featured_media":61334,"comment_status":"open","ping_status":"closed","template":"","meta":[],"product_cat":[7982],"product_tag":[7983],"class_list":{"0":"post-62211","1":"product","2":"type-product","3":"status-publish","4":"has-post-thumbnail","5":"hentry","6":"product_cat-primera-infancia-es","7":"product_tag-frootimals","8":"pa_season-novalties","10":"entry","11":"has-media","12":"owp-thumbs-layout-horizontal","13":"owp-btn-normal","14":"owp-tabs-layout-horizontal","15":"has-product-nav"},"_links":{"self":[{"href":"https:\/\/kidslicensing.com\/es\/wp-json\/wp\/v2\/product\/62211","targetHints":{"allow":["GET"]}}],"collection":[{"href":"https:\/\/kidslicensing.com\/es\/wp-json\/wp\/v2\/product"}],"about":[{"href":"https:\/\/kidslicensing.com\/es\/wp-json\/wp\/v2\/types\/product"}],"replies":[{"embeddable":true,"href":"https:\/\/kidslicensing.com\/es\/wp-json\/wp\/v2\/comments?post=62211"}],"version-history":[{"count":1,"href":"https:\/\/kidslicensing.com\/es\/wp-json\/wp\/v2\/product\/62211\/revisions"}],"predecessor-version":[{"id":62212,"href":"https:\/\/kidslicensing.com\/es\/wp-json\/wp\/v2\/product\/62211\/revisions\/62212"}],"wp:featuredmedia":[{"embeddable":true,"href":"https:\/\/kidslicensing.com\/es\/wp-json\/wp\/v2\/media\/61334"}],"wp:attachment":[{"href":"https:\/\/kidslicensing.com\/es\/wp-json\/wp\/v2\/media?parent=62211"}],"wp:term":[{"taxonomy":"product_cat","embeddable":true,"href":"https:\/\/kidslicensing.com\/es\/wp-json\/wp\/v2\/product_cat?post=62211"},{"taxonomy":"product_tag","embeddable":true,"href":"https:\/\/kidslicensing.com\/es\/wp-json\/wp\/v2\/product_tag?post=62211"}],"curies":[{"name":"wp","href":"https:\/\/api.w.org\/{rel}","templated":true}]}}