{"id":62215,"date":"2022-09-07T16:10:22","date_gmt":"2022-09-07T14:10:22","guid":{"rendered":"https:\/\/kidslicensing.com\/?post_type=product&#038;p=62215"},"modified":"2022-11-30T13:10:01","modified_gmt":"2022-11-30T12:10:01","slug":"frootimals-set-3-mini-rompecabezas","status":"publish","type":"product","link":"https:\/\/kidslicensing.com\/es\/shop\/toys-es\/primera-infancia-es\/frootimals-set-3-mini-rompecabezas\/","title":{"rendered":"DISCOVERY\n  &#038; PLAY- SET DE 3 MINI ROMPECABEZAS FROOTIMALS"},"content":{"rendered":"","protected":false},"excerpt":{"rendered":"<p>Este set de 3 mini rompecabezas es el juego perfecto para que tu beb\u00e9 aprenda mientras juega con sus personajes favoritos de los Frootinmals. Melany Melephant, Bubba Tropibear y Bizzy LemonBee ser\u00e1n los encargados de estimular las habilidades motoras finas de tu beb\u00e9, que aprender\u00e1 a colocar las piezas con l\u00f3gica y precisi\u00f3n. Los 3 mini puzzles est\u00e1n realizados con madera natural eco-friendly.<\/p>\n","protected":false},"featured_media":61358,"comment_status":"open","ping_status":"closed","template":"","meta":[],"product_cat":[7982],"product_tag":[7983],"class_list":{"0":"post-62215","1":"product","2":"type-product","3":"status-publish","4":"has-post-thumbnail","5":"hentry","6":"product_cat-primera-infancia-es","7":"product_tag-frootimals","8":"pa_season-novalties","10":"entry","11":"has-media","12":"owp-thumbs-layout-horizontal","13":"owp-btn-normal","14":"owp-tabs-layout-horizontal","15":"has-no-thumbnails","16":"has-product-nav"},"_links":{"self":[{"href":"https:\/\/kidslicensing.com\/es\/wp-json\/wp\/v2\/product\/62215","targetHints":{"allow":["GET"]}}],"collection":[{"href":"https:\/\/kidslicensing.com\/es\/wp-json\/wp\/v2\/product"}],"about":[{"href":"https:\/\/kidslicensing.com\/es\/wp-json\/wp\/v2\/types\/product"}],"replies":[{"embeddable":true,"href":"https:\/\/kidslicensing.com\/es\/wp-json\/wp\/v2\/comments?post=62215"}],"version-history":[{"count":1,"href":"https:\/\/kidslicensing.com\/es\/wp-json\/wp\/v2\/product\/62215\/revisions"}],"predecessor-version":[{"id":62216,"href":"https:\/\/kidslicensing.com\/es\/wp-json\/wp\/v2\/product\/62215\/revisions\/62216"}],"wp:featuredmedia":[{"embeddable":true,"href":"https:\/\/kidslicensing.com\/es\/wp-json\/wp\/v2\/media\/61358"}],"wp:attachment":[{"href":"https:\/\/kidslicensing.com\/es\/wp-json\/wp\/v2\/media?parent=62215"}],"wp:term":[{"taxonomy":"product_cat","embeddable":true,"href":"https:\/\/kidslicensing.com\/es\/wp-json\/wp\/v2\/product_cat?post=62215"},{"taxonomy":"product_tag","embeddable":true,"href":"https:\/\/kidslicensing.com\/es\/wp-json\/wp\/v2\/product_tag?post=62215"}],"curies":[{"name":"wp","href":"https:\/\/api.w.org\/{rel}","templated":true}]}}