{"id":62217,"date":"2022-09-07T16:14:22","date_gmt":"2022-09-07T14:14:22","guid":{"rendered":"https:\/\/kidslicensing.com\/?post_type=product&#038;p=62217"},"modified":"2022-11-30T13:10:01","modified_gmt":"2022-11-30T12:10:01","slug":"frootimals-domino-madera","status":"publish","type":"product","link":"https:\/\/kidslicensing.com\/es\/shop\/toys-es\/primera-infancia-es\/frootimals-domino-madera\/","title":{"rendered":"DISCOVERY\n  &#038; PLAY- DOMINO DE MADERA CON BOLSA DE TELA PARA FICHAS FROOTIMALS"},"content":{"rendered":"","protected":false},"excerpt":{"rendered":"<p>Este domino de 28 piezas de madera natural eco-friendly es el juego perfecto para que tu beb\u00e9 se divierta y aprenda. Gracias a sus coloridas im\u00e1genes de los personajes de los Frootimals, tu peque va a jugar estimulando sus habilidades motoras y su l\u00f3gica, conectando las piezas en su sitio exacto. Es el juego perfecto para interactuar con el beb\u00e9 mientras os divert\u00eds en familia. Adem\u00e1s, las piezas vienen guardadas en una bolsita de tela para que no se pierda ninguna y os lo pod\u00e1is llevar a todas partes.<\/p>\n","protected":false},"featured_media":61374,"comment_status":"open","ping_status":"closed","template":"","meta":[],"product_cat":[7982],"product_tag":[7983],"class_list":{"0":"post-62217","1":"product","2":"type-product","3":"status-publish","4":"has-post-thumbnail","5":"hentry","6":"product_cat-primera-infancia-es","7":"product_tag-frootimals","8":"pa_season-novalties","10":"entry","11":"has-media","12":"owp-thumbs-layout-horizontal","13":"owp-btn-normal","14":"owp-tabs-layout-horizontal","15":"has-product-nav"},"_links":{"self":[{"href":"https:\/\/kidslicensing.com\/es\/wp-json\/wp\/v2\/product\/62217","targetHints":{"allow":["GET"]}}],"collection":[{"href":"https:\/\/kidslicensing.com\/es\/wp-json\/wp\/v2\/product"}],"about":[{"href":"https:\/\/kidslicensing.com\/es\/wp-json\/wp\/v2\/types\/product"}],"replies":[{"embeddable":true,"href":"https:\/\/kidslicensing.com\/es\/wp-json\/wp\/v2\/comments?post=62217"}],"version-history":[{"count":1,"href":"https:\/\/kidslicensing.com\/es\/wp-json\/wp\/v2\/product\/62217\/revisions"}],"predecessor-version":[{"id":62218,"href":"https:\/\/kidslicensing.com\/es\/wp-json\/wp\/v2\/product\/62217\/revisions\/62218"}],"wp:featuredmedia":[{"embeddable":true,"href":"https:\/\/kidslicensing.com\/es\/wp-json\/wp\/v2\/media\/61374"}],"wp:attachment":[{"href":"https:\/\/kidslicensing.com\/es\/wp-json\/wp\/v2\/media?parent=62217"}],"wp:term":[{"taxonomy":"product_cat","embeddable":true,"href":"https:\/\/kidslicensing.com\/es\/wp-json\/wp\/v2\/product_cat?post=62217"},{"taxonomy":"product_tag","embeddable":true,"href":"https:\/\/kidslicensing.com\/es\/wp-json\/wp\/v2\/product_tag?post=62217"}],"curies":[{"name":"wp","href":"https:\/\/api.w.org\/{rel}","templated":true}]}}