{"id":62219,"date":"2022-09-07T16:18:47","date_gmt":"2022-09-07T14:18:47","guid":{"rendered":"https:\/\/kidslicensing.com\/?post_type=product&#038;p=62219"},"modified":"2023-05-17T15:31:49","modified_gmt":"2023-05-17T13:31:49","slug":"frootimals-cubo-actividades-madera","status":"publish","type":"product","link":"https:\/\/kidslicensing.com\/es\/shop\/toys-es\/primera-infancia-es\/frootimals-cubo-actividades-madera\/","title":{"rendered":"DISCOVERY\n  &#038; PLAY- CUBO DE ACTIVIDADES SENSORIALES DE MADERA FROOTIMALS"},"content":{"rendered":"","protected":false},"excerpt":{"rendered":"<p>Cubo de actividades con 5 paneles interactivos y sensoriales para tu beb\u00e9. Es el juego completo para la estimulaci\u00f3n temprana de sus habilidades motoras y de aprendizaje. El cubo contienes 5 actividades distintas:<br \/>&#8211; Gira las ruedas: para que estimule sus habilidades motoras finas encajando las asas mientras gira las ruedas de las frutas.<br \/>&#8211; Descubre los n\u00fameros y las frutas: panel con piezas giratorias para que aprenda a relacionar los n\u00fameros con las im\u00e1genes de las frutas.<br \/>&#8211; Encaja las piezas en sus huecos: estimulaci\u00f3n de las habilidades motoras finas, encajando las piezas de los personjes de los Frootimals en sus huecos.<br \/>&#8211; Laberintos: Juego de piezas de colores para estimular su coordinaci\u00f3n y su precisi\u00f3n con llamativos colores y formas.<br \/>&#8211; Abaco de formas: Figuras Frootimals y formas de colores para la estimulaci\u00f3n de todos los sentidos del beb\u00e9 y sus habilidades motoras.<br \/>Este completisimo juego realizado con madera certificada FSC es ideal para el desarrollo temprano del beb\u00e9 en su etapa de aprendizaje y de jugar. <\/p>\n","protected":false},"featured_media":61390,"comment_status":"open","ping_status":"closed","template":"","meta":[],"product_cat":[7982],"product_tag":[7983],"class_list":{"0":"post-62219","1":"product","2":"type-product","3":"status-publish","4":"has-post-thumbnail","5":"hentry","6":"product_cat-primera-infancia-es","7":"product_tag-frootimals","8":"pa_season-novalties","10":"entry","11":"has-media","12":"owp-thumbs-layout-horizontal","13":"owp-btn-normal","14":"owp-tabs-layout-horizontal","15":"has-product-nav"},"_links":{"self":[{"href":"https:\/\/kidslicensing.com\/es\/wp-json\/wp\/v2\/product\/62219","targetHints":{"allow":["GET"]}}],"collection":[{"href":"https:\/\/kidslicensing.com\/es\/wp-json\/wp\/v2\/product"}],"about":[{"href":"https:\/\/kidslicensing.com\/es\/wp-json\/wp\/v2\/types\/product"}],"replies":[{"embeddable":true,"href":"https:\/\/kidslicensing.com\/es\/wp-json\/wp\/v2\/comments?post=62219"}],"version-history":[{"count":1,"href":"https:\/\/kidslicensing.com\/es\/wp-json\/wp\/v2\/product\/62219\/revisions"}],"predecessor-version":[{"id":62220,"href":"https:\/\/kidslicensing.com\/es\/wp-json\/wp\/v2\/product\/62219\/revisions\/62220"}],"wp:featuredmedia":[{"embeddable":true,"href":"https:\/\/kidslicensing.com\/es\/wp-json\/wp\/v2\/media\/61390"}],"wp:attachment":[{"href":"https:\/\/kidslicensing.com\/es\/wp-json\/wp\/v2\/media?parent=62219"}],"wp:term":[{"taxonomy":"product_cat","embeddable":true,"href":"https:\/\/kidslicensing.com\/es\/wp-json\/wp\/v2\/product_cat?post=62219"},{"taxonomy":"product_tag","embeddable":true,"href":"https:\/\/kidslicensing.com\/es\/wp-json\/wp\/v2\/product_tag?post=62219"}],"curies":[{"name":"wp","href":"https:\/\/api.w.org\/{rel}","templated":true}]}}