{"id":62221,"date":"2022-09-07T16:22:29","date_gmt":"2022-09-07T14:22:29","guid":{"rendered":"https:\/\/kidslicensing.com\/?post_type=product&#038;p=62221"},"modified":"2023-01-11T09:45:17","modified_gmt":"2023-01-11T08:45:17","slug":"frootimals-casa-arbol-encajables-madera","status":"publish","type":"product","link":"https:\/\/kidslicensing.com\/es\/shop\/toys-es\/primera-infancia-es\/frootimals-casa-arbol-encajables-madera\/","title":{"rendered":"DISCOVERY\n  &#038; PLAY- CASA DEL \u00c1RBOL CON ENCAJABLES DE FORMAS DE MADERA DE LOS FROOTIMALS"},"content":{"rendered":"","protected":false},"excerpt":{"rendered":"<p>Casa del \u00e1rbol de encajables con los personajes favoritos de los Frootimals de tu beb\u00e9 y con formas de colores y frutas. Con este juego tu peque va a estimular todos sus sentidos y sus habilidades motoras b\u00e1sicas mientras juega y se lo pasa en grande. A parte de los encajables, la casita del \u00e1rbol tambi\u00e9n incluye una actividad con una llave para que el beb\u00e9 mejore su coordinaci\u00f3n. Realizada con madera certificada FSC, la casita del \u00e1rbol de los Frootimals tiene un formato malet\u00edn para que os la pod\u00e1is llevar a todas partes y jugar con ella en cualquier momento.<\/p>\n","protected":false},"featured_media":61406,"comment_status":"open","ping_status":"closed","template":"","meta":[],"product_cat":[7982],"product_tag":[7983],"class_list":{"0":"post-62221","1":"product","2":"type-product","3":"status-publish","4":"has-post-thumbnail","5":"hentry","6":"product_cat-primera-infancia-es","7":"product_tag-frootimals","8":"pa_season-novalties","10":"entry","11":"has-media","12":"owp-thumbs-layout-horizontal","13":"owp-btn-normal","14":"owp-tabs-layout-horizontal","15":"has-product-nav"},"_links":{"self":[{"href":"https:\/\/kidslicensing.com\/es\/wp-json\/wp\/v2\/product\/62221","targetHints":{"allow":["GET"]}}],"collection":[{"href":"https:\/\/kidslicensing.com\/es\/wp-json\/wp\/v2\/product"}],"about":[{"href":"https:\/\/kidslicensing.com\/es\/wp-json\/wp\/v2\/types\/product"}],"replies":[{"embeddable":true,"href":"https:\/\/kidslicensing.com\/es\/wp-json\/wp\/v2\/comments?post=62221"}],"version-history":[{"count":1,"href":"https:\/\/kidslicensing.com\/es\/wp-json\/wp\/v2\/product\/62221\/revisions"}],"predecessor-version":[{"id":62222,"href":"https:\/\/kidslicensing.com\/es\/wp-json\/wp\/v2\/product\/62221\/revisions\/62222"}],"wp:featuredmedia":[{"embeddable":true,"href":"https:\/\/kidslicensing.com\/es\/wp-json\/wp\/v2\/media\/61406"}],"wp:attachment":[{"href":"https:\/\/kidslicensing.com\/es\/wp-json\/wp\/v2\/media?parent=62221"}],"wp:term":[{"taxonomy":"product_cat","embeddable":true,"href":"https:\/\/kidslicensing.com\/es\/wp-json\/wp\/v2\/product_cat?post=62221"},{"taxonomy":"product_tag","embeddable":true,"href":"https:\/\/kidslicensing.com\/es\/wp-json\/wp\/v2\/product_tag?post=62221"}],"curies":[{"name":"wp","href":"https:\/\/api.w.org\/{rel}","templated":true}]}}