{"id":62225,"date":"2022-09-07T16:36:26","date_gmt":"2022-09-07T14:36:26","guid":{"rendered":"https:\/\/kidslicensing.com\/?post_type=product&#038;p=62225"},"modified":"2022-11-30T13:10:02","modified_gmt":"2022-11-30T12:10:02","slug":"frootimals-peluche-apilable-melany-melephant","status":"publish","type":"product","link":"https:\/\/kidslicensing.com\/es\/shop\/toys-es\/primera-infancia-es\/frootimals-peluche-apilable-melany-melephant\/","title":{"rendered":"DISCOVERY\n  &#038; PLAY- PELUCHE APILABLE MELANY MELEPHANT FROOTIMALS"},"content":{"rendered":"","protected":false},"excerpt":{"rendered":"<p>Pir\u00e1mide apilable de peluche de Melany Melephant, que se va a convertir en el mejor amigo de tu beb\u00e9. No va a poder parar de jugar con sus piezas apilables de peluche y ser\u00e1 toda una experiencia de aprendizaje y de descubrimiento de colores y texturas diferentes. Su personaje de Frootimals favorito, va a ser una estimulaci\u00f3n de todos los sentidos y de las habilidades motoras finas.<\/p>\n","protected":false},"featured_media":61438,"comment_status":"open","ping_status":"closed","template":"","meta":[],"product_cat":[7982],"product_tag":[7983],"class_list":{"0":"post-62225","1":"product","2":"type-product","3":"status-publish","4":"has-post-thumbnail","5":"hentry","6":"product_cat-primera-infancia-es","7":"product_tag-frootimals","8":"pa_season-novalties","10":"entry","11":"has-media","12":"owp-thumbs-layout-horizontal","13":"owp-btn-normal","14":"owp-tabs-layout-horizontal","15":"has-product-nav"},"_links":{"self":[{"href":"https:\/\/kidslicensing.com\/es\/wp-json\/wp\/v2\/product\/62225","targetHints":{"allow":["GET"]}}],"collection":[{"href":"https:\/\/kidslicensing.com\/es\/wp-json\/wp\/v2\/product"}],"about":[{"href":"https:\/\/kidslicensing.com\/es\/wp-json\/wp\/v2\/types\/product"}],"replies":[{"embeddable":true,"href":"https:\/\/kidslicensing.com\/es\/wp-json\/wp\/v2\/comments?post=62225"}],"version-history":[{"count":1,"href":"https:\/\/kidslicensing.com\/es\/wp-json\/wp\/v2\/product\/62225\/revisions"}],"predecessor-version":[{"id":62226,"href":"https:\/\/kidslicensing.com\/es\/wp-json\/wp\/v2\/product\/62225\/revisions\/62226"}],"wp:featuredmedia":[{"embeddable":true,"href":"https:\/\/kidslicensing.com\/es\/wp-json\/wp\/v2\/media\/61438"}],"wp:attachment":[{"href":"https:\/\/kidslicensing.com\/es\/wp-json\/wp\/v2\/media?parent=62225"}],"wp:term":[{"taxonomy":"product_cat","embeddable":true,"href":"https:\/\/kidslicensing.com\/es\/wp-json\/wp\/v2\/product_cat?post=62225"},{"taxonomy":"product_tag","embeddable":true,"href":"https:\/\/kidslicensing.com\/es\/wp-json\/wp\/v2\/product_tag?post=62225"}],"curies":[{"name":"wp","href":"https:\/\/api.w.org\/{rel}","templated":true}]}}