{"id":62227,"date":"2022-09-07T16:39:44","date_gmt":"2022-09-07T14:39:44","guid":{"rendered":"https:\/\/kidslicensing.com\/?post_type=product&#038;p=62227"},"modified":"2022-11-30T13:10:03","modified_gmt":"2022-11-30T12:10:03","slug":"wow-generation-libreta-tapa-dura-a5","status":"publish","type":"product","link":"https:\/\/kidslicensing.com\/es\/shop\/stationery-es\/notebooks-diaries-es\/wow-generation-libreta-tapa-dura-a5\/","title":{"rendered":"LIBRETA A5 TAPA DURA WOW GENERATION"},"content":{"rendered":"","protected":false},"excerpt":{"rendered":"<p>Libreta A5 de tapa dura de las WOW Generation. Sus 3 dise\u00f1os de surtido son muy actuales y llamativos, totalmente a la moda para que tu hija vaya a la \u00faltima. Es ideal para que la ni\u00f1a se la lleve a todas partes gracias a su tama\u00f1o y a la tapa dura, ya que las hojas de dentro est\u00e1n bien protegidas y no se da\u00f1an. Adem\u00e1s, la libreta incluye una hoja de pegatinas para decorar todas sus creaciones. Consta de 80 hojas de 100 gr con dise\u00f1o de l\u00edneas para apuntar cualquier tipo de notas o apuntes.<\/p>\n","protected":false},"featured_media":61446,"comment_status":"open","ping_status":"closed","template":"","meta":[],"product_cat":[962],"product_tag":[8022],"class_list":{"0":"post-62227","1":"product","2":"type-product","3":"status-publish","4":"has-post-thumbnail","5":"hentry","6":"product_cat-notebooks-diaries-es","7":"product_tag-wow-generation","8":"pa_season-novalties","10":"entry","11":"has-media","12":"owp-thumbs-layout-horizontal","13":"owp-btn-normal","14":"owp-tabs-layout-horizontal","15":"has-product-nav"},"_links":{"self":[{"href":"https:\/\/kidslicensing.com\/es\/wp-json\/wp\/v2\/product\/62227","targetHints":{"allow":["GET"]}}],"collection":[{"href":"https:\/\/kidslicensing.com\/es\/wp-json\/wp\/v2\/product"}],"about":[{"href":"https:\/\/kidslicensing.com\/es\/wp-json\/wp\/v2\/types\/product"}],"replies":[{"embeddable":true,"href":"https:\/\/kidslicensing.com\/es\/wp-json\/wp\/v2\/comments?post=62227"}],"version-history":[{"count":1,"href":"https:\/\/kidslicensing.com\/es\/wp-json\/wp\/v2\/product\/62227\/revisions"}],"predecessor-version":[{"id":62228,"href":"https:\/\/kidslicensing.com\/es\/wp-json\/wp\/v2\/product\/62227\/revisions\/62228"}],"wp:featuredmedia":[{"embeddable":true,"href":"https:\/\/kidslicensing.com\/es\/wp-json\/wp\/v2\/media\/61446"}],"wp:attachment":[{"href":"https:\/\/kidslicensing.com\/es\/wp-json\/wp\/v2\/media?parent=62227"}],"wp:term":[{"taxonomy":"product_cat","embeddable":true,"href":"https:\/\/kidslicensing.com\/es\/wp-json\/wp\/v2\/product_cat?post=62227"},{"taxonomy":"product_tag","embeddable":true,"href":"https:\/\/kidslicensing.com\/es\/wp-json\/wp\/v2\/product_tag?post=62227"}],"curies":[{"name":"wp","href":"https:\/\/api.w.org\/{rel}","templated":true}]}}