{"id":62229,"date":"2022-09-07T16:46:04","date_gmt":"2022-09-07T14:46:04","guid":{"rendered":"https:\/\/kidslicensing.com\/?post_type=product&#038;p=62229"},"modified":"2022-11-30T13:10:03","modified_gmt":"2022-11-30T12:10:03","slug":"wow-generation-pack-3-libretas-tapa-blanda-a5","status":"publish","type":"product","link":"https:\/\/kidslicensing.com\/es\/shop\/stationery-es\/notebooks-diaries-es\/wow-generation-pack-3-libretas-tapa-blanda-a5\/","title":{"rendered":"PACK 3 LIBRETAS A5 TAPA BLANDA WOW GENERATION"},"content":{"rendered":"","protected":false},"excerpt":{"rendered":"<p>Pack de 3 libretas A5 de tapa blanda ideal para el nuevo curso escolar de tu peque con los dise\u00f1os m\u00e1s modernos de las WOW Generation. Son 3 libretas perfectas para tomar apuntes en la escuela o para anotar cualquier informaci\u00f3n personal. Dise\u00f1os muy modernos para que tu hija se sienta una chica WOW total. Las libretas constan de 25 hojas de 100 gr cada una, y como dise\u00f1os interiores son: una totalmente blanca, otra de cuadros peque\u00f1os y la \u00faltima de l\u00edneas. <\/p>\n","protected":false},"featured_media":61478,"comment_status":"open","ping_status":"closed","template":"","meta":[],"product_cat":[962],"product_tag":[8022],"class_list":{"0":"post-62229","1":"product","2":"type-product","3":"status-publish","4":"has-post-thumbnail","5":"hentry","6":"product_cat-notebooks-diaries-es","7":"product_tag-wow-generation","8":"pa_season-novalties","10":"entry","11":"has-media","12":"owp-thumbs-layout-horizontal","13":"owp-btn-normal","14":"owp-tabs-layout-horizontal","15":"has-product-nav"},"_links":{"self":[{"href":"https:\/\/kidslicensing.com\/es\/wp-json\/wp\/v2\/product\/62229","targetHints":{"allow":["GET"]}}],"collection":[{"href":"https:\/\/kidslicensing.com\/es\/wp-json\/wp\/v2\/product"}],"about":[{"href":"https:\/\/kidslicensing.com\/es\/wp-json\/wp\/v2\/types\/product"}],"replies":[{"embeddable":true,"href":"https:\/\/kidslicensing.com\/es\/wp-json\/wp\/v2\/comments?post=62229"}],"version-history":[{"count":1,"href":"https:\/\/kidslicensing.com\/es\/wp-json\/wp\/v2\/product\/62229\/revisions"}],"predecessor-version":[{"id":62230,"href":"https:\/\/kidslicensing.com\/es\/wp-json\/wp\/v2\/product\/62229\/revisions\/62230"}],"wp:featuredmedia":[{"embeddable":true,"href":"https:\/\/kidslicensing.com\/es\/wp-json\/wp\/v2\/media\/61478"}],"wp:attachment":[{"href":"https:\/\/kidslicensing.com\/es\/wp-json\/wp\/v2\/media?parent=62229"}],"wp:term":[{"taxonomy":"product_cat","embeddable":true,"href":"https:\/\/kidslicensing.com\/es\/wp-json\/wp\/v2\/product_cat?post=62229"},{"taxonomy":"product_tag","embeddable":true,"href":"https:\/\/kidslicensing.com\/es\/wp-json\/wp\/v2\/product_tag?post=62229"}],"curies":[{"name":"wp","href":"https:\/\/api.w.org\/{rel}","templated":true}]}}