{"id":62231,"date":"2022-09-07T16:50:36","date_gmt":"2022-09-07T14:50:36","guid":{"rendered":"https:\/\/kidslicensing.com\/?post_type=product&#038;p=62231"},"modified":"2022-11-30T13:10:03","modified_gmt":"2022-11-30T12:10:03","slug":"wow-generation-boligrafo-topper","status":"publish","type":"product","link":"https:\/\/kidslicensing.com\/es\/shop\/stationery-es\/pens-pencils-es\/wow-generation-boligrafo-topper\/","title":{"rendered":"BOL\u00cdGRAFO CON TOPPER WOW GENERATION"},"content":{"rendered":"","protected":false},"excerpt":{"rendered":"<p>Bol\u00edgrafo con topper exclusivo de una de las profesiones de nuestras chicas WOW. Si tu hija quiere ser cantante, core\u00f3grafa, gamer, productora o dise\u00f1adora este es el boli que necesita para hacer realidad sus sue\u00f1os. Deja que se sienta una aut\u00e9ntica WOW Girl con los bol\u00edgrafos exclusivos de la mejor generaci\u00f3n de artistas.<\/p>\n","protected":false},"featured_media":61527,"comment_status":"open","ping_status":"closed","template":"","meta":[],"product_cat":[969],"product_tag":[8022],"class_list":{"0":"post-62231","1":"product","2":"type-product","3":"status-publish","4":"has-post-thumbnail","5":"hentry","6":"product_cat-pens-pencils-es","7":"product_tag-wow-generation","8":"pa_season-novalties","10":"entry","11":"has-media","12":"owp-thumbs-layout-horizontal","13":"owp-btn-normal","14":"owp-tabs-layout-horizontal","15":"has-product-nav"},"_links":{"self":[{"href":"https:\/\/kidslicensing.com\/es\/wp-json\/wp\/v2\/product\/62231","targetHints":{"allow":["GET"]}}],"collection":[{"href":"https:\/\/kidslicensing.com\/es\/wp-json\/wp\/v2\/product"}],"about":[{"href":"https:\/\/kidslicensing.com\/es\/wp-json\/wp\/v2\/types\/product"}],"replies":[{"embeddable":true,"href":"https:\/\/kidslicensing.com\/es\/wp-json\/wp\/v2\/comments?post=62231"}],"version-history":[{"count":1,"href":"https:\/\/kidslicensing.com\/es\/wp-json\/wp\/v2\/product\/62231\/revisions"}],"predecessor-version":[{"id":62232,"href":"https:\/\/kidslicensing.com\/es\/wp-json\/wp\/v2\/product\/62231\/revisions\/62232"}],"wp:featuredmedia":[{"embeddable":true,"href":"https:\/\/kidslicensing.com\/es\/wp-json\/wp\/v2\/media\/61527"}],"wp:attachment":[{"href":"https:\/\/kidslicensing.com\/es\/wp-json\/wp\/v2\/media?parent=62231"}],"wp:term":[{"taxonomy":"product_cat","embeddable":true,"href":"https:\/\/kidslicensing.com\/es\/wp-json\/wp\/v2\/product_cat?post=62231"},{"taxonomy":"product_tag","embeddable":true,"href":"https:\/\/kidslicensing.com\/es\/wp-json\/wp\/v2\/product_tag?post=62231"}],"curies":[{"name":"wp","href":"https:\/\/api.w.org\/{rel}","templated":true}]}}