{"id":62235,"date":"2022-09-07T16:58:57","date_gmt":"2022-09-07T14:58:57","guid":{"rendered":"https:\/\/kidslicensing.com\/?post_type=product&#038;p=62235"},"modified":"2022-11-30T13:10:04","modified_gmt":"2022-11-30T12:10:04","slug":"wow-generation-collar-charm","status":"publish","type":"product","link":"https:\/\/kidslicensing.com\/es\/shop\/beauty-es\/jewelry-es\/wow-generation-collar-charm\/","title":{"rendered":"COLLAR CON CHARM 6 DISE\u00d1OS WOW GENERATION"},"content":{"rendered":"","protected":false},"excerpt":{"rendered":"<p>Collar personalizado de las profesiones WOW Generation. La cadena contiene un charm representativo de cada una de ellas. Para ser una aut\u00e9ntica chica WOW, hay que presumir de pasi\u00f3n y de profesi\u00f3n. Estos collares son el complemento ideal para que tu hija se convierta en una WOW Girl total. Hay 6 dise\u00f1os de charms distintos: <br \/>&#8211; Auriculares.<br \/>&#8211; Disco de vinilo.<br \/>&#8211; Zapatilla.<br \/>&#8211; Micr\u00f3fono.<br \/>&#8211; Pintalabios.<br \/>Para unirse al club de las chicas WOW Generation, \u00a1estos collares son perfectos!<\/p>\n","protected":false},"featured_media":61551,"comment_status":"open","ping_status":"closed","template":"","meta":[],"product_cat":[4350],"product_tag":[8022],"class_list":{"0":"post-62235","1":"product","2":"type-product","3":"status-publish","4":"has-post-thumbnail","5":"hentry","6":"product_cat-jewelry-es","7":"product_tag-wow-generation","8":"pa_season-novalties","10":"entry","11":"has-media","12":"owp-thumbs-layout-horizontal","13":"owp-btn-normal","14":"owp-tabs-layout-horizontal","15":"has-no-thumbnails","16":"has-product-nav"},"_links":{"self":[{"href":"https:\/\/kidslicensing.com\/es\/wp-json\/wp\/v2\/product\/62235","targetHints":{"allow":["GET"]}}],"collection":[{"href":"https:\/\/kidslicensing.com\/es\/wp-json\/wp\/v2\/product"}],"about":[{"href":"https:\/\/kidslicensing.com\/es\/wp-json\/wp\/v2\/types\/product"}],"replies":[{"embeddable":true,"href":"https:\/\/kidslicensing.com\/es\/wp-json\/wp\/v2\/comments?post=62235"}],"version-history":[{"count":1,"href":"https:\/\/kidslicensing.com\/es\/wp-json\/wp\/v2\/product\/62235\/revisions"}],"predecessor-version":[{"id":62236,"href":"https:\/\/kidslicensing.com\/es\/wp-json\/wp\/v2\/product\/62235\/revisions\/62236"}],"wp:featuredmedia":[{"embeddable":true,"href":"https:\/\/kidslicensing.com\/es\/wp-json\/wp\/v2\/media\/61551"}],"wp:attachment":[{"href":"https:\/\/kidslicensing.com\/es\/wp-json\/wp\/v2\/media?parent=62235"}],"wp:term":[{"taxonomy":"product_cat","embeddable":true,"href":"https:\/\/kidslicensing.com\/es\/wp-json\/wp\/v2\/product_cat?post=62235"},{"taxonomy":"product_tag","embeddable":true,"href":"https:\/\/kidslicensing.com\/es\/wp-json\/wp\/v2\/product_tag?post=62235"}],"curies":[{"name":"wp","href":"https:\/\/api.w.org\/{rel}","templated":true}]}}