{"id":62239,"date":"2022-09-08T08:56:53","date_gmt":"2022-09-08T06:56:53","guid":{"rendered":"https:\/\/kidslicensing.com\/?post_type=product&#038;p=62239"},"modified":"2022-11-30T13:10:05","modified_gmt":"2022-11-30T12:10:05","slug":"wow-generation-pack-pulseras-colores-mensaje","status":"publish","type":"product","link":"https:\/\/kidslicensing.com\/es\/shop\/beauty-es\/jewelry-es\/wow-generation-pack-pulseras-colores-mensaje\/","title":{"rendered":"PACK 2 PULSERAS DE COLORES CON MENSAJE 3 DISE\u00d1OS WOW GENERATION"},"content":{"rendered":"","protected":false},"excerpt":{"rendered":"<p>Pack de 2 pulseras con mensaje de la colecci\u00f3n WOW Generation. Hay 3 dise\u00f1os distintos de mensajes, todos representativos de la generaci\u00f3n WOW. Si tu hija quiere formar parte del club WOW, estos packs de pulseras son ideales para ella. Hechos con abalorios de colores, ser\u00e1n el complemento favorito de tu ni\u00f1a, ya que le van a combinar con todos sus looks y outfits. Los distintos mensajes de los dise\u00f1os son:<br \/>&#8211; Game on &amp; Passion<br \/>&#8211; Brave &amp; Influencer<br \/>&#8211; Music &amp; Believe<br \/>Si tu hija quiere ser una WOW Girl, \u00a1querr\u00e1 estas pulseritas! Adem\u00e1s, puede coleccionar los 3 modelos y compararlos con sus amigas.<\/p>\n","protected":false},"featured_media":61567,"comment_status":"open","ping_status":"closed","template":"","meta":[],"product_cat":[4350],"product_tag":[8022],"class_list":{"0":"post-62239","1":"product","2":"type-product","3":"status-publish","4":"has-post-thumbnail","5":"hentry","6":"product_cat-jewelry-es","7":"product_tag-wow-generation","8":"pa_season-novalties","10":"entry","11":"has-media","12":"owp-thumbs-layout-horizontal","13":"owp-btn-normal","14":"owp-tabs-layout-horizontal","15":"has-no-thumbnails","16":"has-product-nav"},"_links":{"self":[{"href":"https:\/\/kidslicensing.com\/es\/wp-json\/wp\/v2\/product\/62239","targetHints":{"allow":["GET"]}}],"collection":[{"href":"https:\/\/kidslicensing.com\/es\/wp-json\/wp\/v2\/product"}],"about":[{"href":"https:\/\/kidslicensing.com\/es\/wp-json\/wp\/v2\/types\/product"}],"replies":[{"embeddable":true,"href":"https:\/\/kidslicensing.com\/es\/wp-json\/wp\/v2\/comments?post=62239"}],"version-history":[{"count":1,"href":"https:\/\/kidslicensing.com\/es\/wp-json\/wp\/v2\/product\/62239\/revisions"}],"predecessor-version":[{"id":62240,"href":"https:\/\/kidslicensing.com\/es\/wp-json\/wp\/v2\/product\/62239\/revisions\/62240"}],"wp:featuredmedia":[{"embeddable":true,"href":"https:\/\/kidslicensing.com\/es\/wp-json\/wp\/v2\/media\/61567"}],"wp:attachment":[{"href":"https:\/\/kidslicensing.com\/es\/wp-json\/wp\/v2\/media?parent=62239"}],"wp:term":[{"taxonomy":"product_cat","embeddable":true,"href":"https:\/\/kidslicensing.com\/es\/wp-json\/wp\/v2\/product_cat?post=62239"},{"taxonomy":"product_tag","embeddable":true,"href":"https:\/\/kidslicensing.com\/es\/wp-json\/wp\/v2\/product_tag?post=62239"}],"curies":[{"name":"wp","href":"https:\/\/api.w.org\/{rel}","templated":true}]}}