{"id":62243,"date":"2022-09-08T09:02:30","date_gmt":"2022-09-08T07:02:30","guid":{"rendered":"https:\/\/kidslicensing.com\/?post_type=product&#038;p=62243"},"modified":"2022-11-30T13:10:05","modified_gmt":"2022-11-30T12:10:05","slug":"wow-generation-joyero-viaje","status":"publish","type":"product","link":"https:\/\/kidslicensing.com\/es\/shop\/beauty-es\/jewelry-boxes-es\/wow-generation-joyero-viaje\/","title":{"rendered":"JOYERO DE VIAJE WOW GENERATION"},"content":{"rendered":"","protected":false},"excerpt":{"rendered":"<p>Tenemos la soluci\u00f3n para que tu ni\u00f1a pueda organizar todas sus joyas de la colecci\u00f3n WOW. Con este joyero de viaje, podr\u00e1 organizarlas y tenerlas guardadas para llev\u00e1rtelas a todas partes. El joyero tiene varios apartados: rollos para los anillos, compartimento para pulseras, pendientes y collares, y un bolsillo con goma el\u00e1stica. El joyero tiene cierre con cremallera y lleva un pomp\u00f3n con un charm de brillantes de WOW Generation como elemento decorativo. Adem\u00e1s su dise\u00f1o efecto metalizado est\u00e1 a la moda para que tu peque no pierda el glamour WOW.<\/p>\n","protected":false},"featured_media":61591,"comment_status":"open","ping_status":"closed","template":"","meta":[],"product_cat":[849],"product_tag":[8022],"class_list":{"0":"post-62243","1":"product","2":"type-product","3":"status-publish","4":"has-post-thumbnail","5":"hentry","6":"product_cat-jewelry-boxes-es","7":"product_tag-wow-generation","8":"pa_season-novalties","10":"entry","11":"has-media","12":"owp-thumbs-layout-horizontal","13":"owp-btn-normal","14":"owp-tabs-layout-horizontal","15":"has-product-nav"},"_links":{"self":[{"href":"https:\/\/kidslicensing.com\/es\/wp-json\/wp\/v2\/product\/62243","targetHints":{"allow":["GET"]}}],"collection":[{"href":"https:\/\/kidslicensing.com\/es\/wp-json\/wp\/v2\/product"}],"about":[{"href":"https:\/\/kidslicensing.com\/es\/wp-json\/wp\/v2\/types\/product"}],"replies":[{"embeddable":true,"href":"https:\/\/kidslicensing.com\/es\/wp-json\/wp\/v2\/comments?post=62243"}],"version-history":[{"count":1,"href":"https:\/\/kidslicensing.com\/es\/wp-json\/wp\/v2\/product\/62243\/revisions"}],"predecessor-version":[{"id":62244,"href":"https:\/\/kidslicensing.com\/es\/wp-json\/wp\/v2\/product\/62243\/revisions\/62244"}],"wp:featuredmedia":[{"embeddable":true,"href":"https:\/\/kidslicensing.com\/es\/wp-json\/wp\/v2\/media\/61591"}],"wp:attachment":[{"href":"https:\/\/kidslicensing.com\/es\/wp-json\/wp\/v2\/media?parent=62243"}],"wp:term":[{"taxonomy":"product_cat","embeddable":true,"href":"https:\/\/kidslicensing.com\/es\/wp-json\/wp\/v2\/product_cat?post=62243"},{"taxonomy":"product_tag","embeddable":true,"href":"https:\/\/kidslicensing.com\/es\/wp-json\/wp\/v2\/product_tag?post=62243"}],"curies":[{"name":"wp","href":"https:\/\/api.w.org\/{rel}","templated":true}]}}