{"id":62245,"date":"2022-09-08T09:07:19","date_gmt":"2022-09-08T07:07:19","guid":{"rendered":"https:\/\/kidslicensing.com\/?post_type=product&#038;p=62245"},"modified":"2022-11-30T13:10:06","modified_gmt":"2022-11-30T12:10:06","slug":"wow-generation-balsamos-labiales-sabores","status":"publish","type":"product","link":"https:\/\/kidslicensing.com\/es\/shop\/beauty-es\/beauty-sets-es\/wow-generation-balsamos-labiales-sabores\/","title":{"rendered":"B\u00c1LSAMOS LABIALES SABORES WOW GENERATION"},"content":{"rendered":"","protected":false},"excerpt":{"rendered":"<p>B\u00e1lsamos labiales con sabores para ser una aut\u00e9ntica chica WOW Generation. Son el toque ideal para salir de casa con todos los detalles de una aut\u00e9ntica chica WOW. Este labial se va a convertir en el favorito de tu peque\u00f1a gracias a sus llamativos colores y sus sabores. Hay 5 sabores distintos que corresponden a su color respectivo: fresa, pi\u00f1a, naranja, chicle y ar\u00e1ndanos. Cuida los labios de tu hija mientras ella se siente una total WOW Girl.<\/p>\n","protected":false},"featured_media":61615,"comment_status":"open","ping_status":"closed","template":"","meta":[],"product_cat":[4857],"product_tag":[8022],"class_list":{"0":"post-62245","1":"product","2":"type-product","3":"status-publish","4":"has-post-thumbnail","5":"hentry","6":"product_cat-beauty-sets-es","7":"product_tag-wow-generation","8":"pa_season-novalties","10":"entry","11":"has-media","12":"owp-thumbs-layout-horizontal","13":"owp-btn-normal","14":"owp-tabs-layout-horizontal","15":"has-product-nav"},"_links":{"self":[{"href":"https:\/\/kidslicensing.com\/es\/wp-json\/wp\/v2\/product\/62245","targetHints":{"allow":["GET"]}}],"collection":[{"href":"https:\/\/kidslicensing.com\/es\/wp-json\/wp\/v2\/product"}],"about":[{"href":"https:\/\/kidslicensing.com\/es\/wp-json\/wp\/v2\/types\/product"}],"replies":[{"embeddable":true,"href":"https:\/\/kidslicensing.com\/es\/wp-json\/wp\/v2\/comments?post=62245"}],"version-history":[{"count":2,"href":"https:\/\/kidslicensing.com\/es\/wp-json\/wp\/v2\/product\/62245\/revisions"}],"predecessor-version":[{"id":62489,"href":"https:\/\/kidslicensing.com\/es\/wp-json\/wp\/v2\/product\/62245\/revisions\/62489"}],"wp:featuredmedia":[{"embeddable":true,"href":"https:\/\/kidslicensing.com\/es\/wp-json\/wp\/v2\/media\/61615"}],"wp:attachment":[{"href":"https:\/\/kidslicensing.com\/es\/wp-json\/wp\/v2\/media?parent=62245"}],"wp:term":[{"taxonomy":"product_cat","embeddable":true,"href":"https:\/\/kidslicensing.com\/es\/wp-json\/wp\/v2\/product_cat?post=62245"},{"taxonomy":"product_tag","embeddable":true,"href":"https:\/\/kidslicensing.com\/es\/wp-json\/wp\/v2\/product_tag?post=62245"}],"curies":[{"name":"wp","href":"https:\/\/api.w.org\/{rel}","templated":true}]}}