{"id":62249,"date":"2022-09-08T10:08:54","date_gmt":"2022-09-08T08:08:54","guid":{"rendered":"https:\/\/kidslicensing.com\/?post_type=product&#038;p=62249"},"modified":"2022-11-30T13:10:06","modified_gmt":"2022-11-30T12:10:06","slug":"wow-generation-pintaunas-doble-color-purpurina","status":"publish","type":"product","link":"https:\/\/kidslicensing.com\/es\/shop\/beauty-es\/beauty-sets-es\/wow-generation-pintaunas-doble-color-purpurina\/","title":{"rendered":"PINTAU\u00d1AS DOBLE COLOR Y PURPURINA WOW GENERATION"},"content":{"rendered":"","protected":false},"excerpt":{"rendered":"<p>Pintau\u00f1as doble exclusivo de las WOW Generation. Escoge entre toda la variedad de colores, \u00a1pero hay sorpresa! Tu ni\u00f1a podr\u00e1 pintarse las u\u00f1as de sus colores favoritos y, por el otro lado del pintau\u00f1as, tendr\u00e1 purpurina para aplicarse encima del color y darle un toque especial y espectacular. Va a lucir unas u\u00f1as perfectas y brillantes como una aut\u00e9ntica chica WOW.<\/p>\n","protected":false},"featured_media":61639,"comment_status":"open","ping_status":"closed","template":"","meta":[],"product_cat":[4857],"product_tag":[8022],"class_list":{"0":"post-62249","1":"product","2":"type-product","3":"status-publish","4":"has-post-thumbnail","5":"hentry","6":"product_cat-beauty-sets-es","7":"product_tag-wow-generation","8":"pa_season-novalties","10":"entry","11":"has-media","12":"owp-thumbs-layout-horizontal","13":"owp-btn-normal","14":"owp-tabs-layout-horizontal","15":"has-no-thumbnails","16":"has-product-nav"},"_links":{"self":[{"href":"https:\/\/kidslicensing.com\/es\/wp-json\/wp\/v2\/product\/62249","targetHints":{"allow":["GET"]}}],"collection":[{"href":"https:\/\/kidslicensing.com\/es\/wp-json\/wp\/v2\/product"}],"about":[{"href":"https:\/\/kidslicensing.com\/es\/wp-json\/wp\/v2\/types\/product"}],"replies":[{"embeddable":true,"href":"https:\/\/kidslicensing.com\/es\/wp-json\/wp\/v2\/comments?post=62249"}],"version-history":[{"count":1,"href":"https:\/\/kidslicensing.com\/es\/wp-json\/wp\/v2\/product\/62249\/revisions"}],"predecessor-version":[{"id":62250,"href":"https:\/\/kidslicensing.com\/es\/wp-json\/wp\/v2\/product\/62249\/revisions\/62250"}],"wp:featuredmedia":[{"embeddable":true,"href":"https:\/\/kidslicensing.com\/es\/wp-json\/wp\/v2\/media\/61639"}],"wp:attachment":[{"href":"https:\/\/kidslicensing.com\/es\/wp-json\/wp\/v2\/media?parent=62249"}],"wp:term":[{"taxonomy":"product_cat","embeddable":true,"href":"https:\/\/kidslicensing.com\/es\/wp-json\/wp\/v2\/product_cat?post=62249"},{"taxonomy":"product_tag","embeddable":true,"href":"https:\/\/kidslicensing.com\/es\/wp-json\/wp\/v2\/product_tag?post=62249"}],"curies":[{"name":"wp","href":"https:\/\/api.w.org\/{rel}","templated":true}]}}