{"id":62266,"date":"2022-09-08T10:41:45","date_gmt":"2022-09-08T08:41:45","guid":{"rendered":"https:\/\/kidslicensing.com\/?post_type=product&#038;p=62266"},"modified":"2023-05-17T15:31:50","modified_gmt":"2023-05-17T13:31:50","slug":"wow-generation-cantimplora-motivacional","status":"publish","type":"product","link":"https:\/\/kidslicensing.com\/es\/shop\/articulos-para-el-hogar\/cantimploras-de-aluminio\/wow-generation-cantimplora-motivacional\/","title":{"rendered":"CANTIMPLORA MOTIVACIONAL 500 ML WOW GENERATION"},"content":{"rendered":"","protected":false},"excerpt":{"rendered":"<p>Cantimplora estilo WOW Generation para que tu peque vaya bien equipada a la hora de salir de excursi\u00f3n o a hacer deporte. Esta botella libre de BPA es la compa\u00f1era ideal para cualquier momento del d\u00eda, para que no se olvide de la importancia de la hidrataci\u00f3n. Adem\u00e1s, ir\u00e1 encantada con este exclusivo dise\u00f1o de sus chicas favoritas de la generaci\u00f3n WOW.<\/p>\n","protected":false},"featured_media":61784,"comment_status":"open","ping_status":"closed","template":"","meta":[],"product_cat":[4276],"product_tag":[8022],"class_list":{"0":"post-62266","1":"product","2":"type-product","3":"status-publish","4":"has-post-thumbnail","5":"hentry","6":"product_cat-cantimploras-de-aluminio","7":"product_tag-wow-generation","8":"pa_season-novalties","10":"entry","11":"has-media","12":"owp-thumbs-layout-horizontal","13":"owp-btn-normal","14":"owp-tabs-layout-horizontal","15":"has-product-nav"},"_links":{"self":[{"href":"https:\/\/kidslicensing.com\/es\/wp-json\/wp\/v2\/product\/62266","targetHints":{"allow":["GET"]}}],"collection":[{"href":"https:\/\/kidslicensing.com\/es\/wp-json\/wp\/v2\/product"}],"about":[{"href":"https:\/\/kidslicensing.com\/es\/wp-json\/wp\/v2\/types\/product"}],"replies":[{"embeddable":true,"href":"https:\/\/kidslicensing.com\/es\/wp-json\/wp\/v2\/comments?post=62266"}],"version-history":[{"count":1,"href":"https:\/\/kidslicensing.com\/es\/wp-json\/wp\/v2\/product\/62266\/revisions"}],"predecessor-version":[{"id":62267,"href":"https:\/\/kidslicensing.com\/es\/wp-json\/wp\/v2\/product\/62266\/revisions\/62267"}],"wp:featuredmedia":[{"embeddable":true,"href":"https:\/\/kidslicensing.com\/es\/wp-json\/wp\/v2\/media\/61784"}],"wp:attachment":[{"href":"https:\/\/kidslicensing.com\/es\/wp-json\/wp\/v2\/media?parent=62266"}],"wp:term":[{"taxonomy":"product_cat","embeddable":true,"href":"https:\/\/kidslicensing.com\/es\/wp-json\/wp\/v2\/product_cat?post=62266"},{"taxonomy":"product_tag","embeddable":true,"href":"https:\/\/kidslicensing.com\/es\/wp-json\/wp\/v2\/product_tag?post=62266"}],"curies":[{"name":"wp","href":"https:\/\/api.w.org\/{rel}","templated":true}]}}