{"id":62269,"date":"2022-09-08T10:47:36","date_gmt":"2022-09-08T08:47:36","guid":{"rendered":"https:\/\/kidslicensing.com\/?post_type=product&#038;p=62269"},"modified":"2023-05-17T15:31:50","modified_gmt":"2023-05-17T13:31:50","slug":"wow-generation-aro-luz-kit-creacion-contenido","status":"publish","type":"product","link":"https:\/\/kidslicensing.com\/es\/shop\/toys-es\/electronics-toys-es\/wow-generation-aro-luz-kit-creacion-contenido\/","title":{"rendered":"ARO DE LUZ CON KIT DE CREACI\u00d3N DE CONTENIDO WOW GENERATION"},"content":{"rendered":"","protected":false},"excerpt":{"rendered":"<p>Toda influencer necesita los mejores gadgets para obtener grandes resultados. Por eso, como nuestras chicas WOW, tu peque necesita sacar lo mejor de ella misma en todo el contenido que crea. Este kit selfie es ideal para ello. El aro de luz se acopla al m\u00f3vil mediante clip y tiene 3 niveles de luz distinta. Adem\u00e1s, el kit incluye cantidad de complementos para hacer tus v\u00eddeos y fotos mucho m\u00e1s originales y \u00fanicas. El Kit completo incluye:<br \/>&#8211; 1 aro de luz con clip<br \/>&#8211; 1 micro USB con cable<br \/>&#8211; 4 hojas de accesorios<br \/>&#8211; 8 pajitas de papel<br \/>&#8211; 1 fondo de pantalla verde<br \/>&#8211; 1 hoja de lunares adhesivos<br \/>&#8211; Hoja de instrucciones<br \/>Para que tu peque empiece a hacer camino en el mundo del influencer, este kit es el ideal para la creaci\u00f3n de contenido. \u00a1Que vivan las chicas WOW!<\/p>\n","protected":false},"featured_media":61886,"comment_status":"open","ping_status":"closed","template":"","meta":[],"product_cat":[997],"product_tag":[8022],"class_list":{"0":"post-62269","1":"product","2":"type-product","3":"status-publish","4":"has-post-thumbnail","5":"hentry","6":"product_cat-electronics-toys-es","7":"product_tag-wow-generation","8":"pa_season-novalties","10":"entry","11":"has-media","12":"owp-thumbs-layout-horizontal","13":"owp-btn-normal","14":"owp-tabs-layout-horizontal","15":"has-product-nav"},"_links":{"self":[{"href":"https:\/\/kidslicensing.com\/es\/wp-json\/wp\/v2\/product\/62269","targetHints":{"allow":["GET"]}}],"collection":[{"href":"https:\/\/kidslicensing.com\/es\/wp-json\/wp\/v2\/product"}],"about":[{"href":"https:\/\/kidslicensing.com\/es\/wp-json\/wp\/v2\/types\/product"}],"replies":[{"embeddable":true,"href":"https:\/\/kidslicensing.com\/es\/wp-json\/wp\/v2\/comments?post=62269"}],"version-history":[{"count":1,"href":"https:\/\/kidslicensing.com\/es\/wp-json\/wp\/v2\/product\/62269\/revisions"}],"predecessor-version":[{"id":62272,"href":"https:\/\/kidslicensing.com\/es\/wp-json\/wp\/v2\/product\/62269\/revisions\/62272"}],"wp:featuredmedia":[{"embeddable":true,"href":"https:\/\/kidslicensing.com\/es\/wp-json\/wp\/v2\/media\/61886"}],"wp:attachment":[{"href":"https:\/\/kidslicensing.com\/es\/wp-json\/wp\/v2\/media?parent=62269"}],"wp:term":[{"taxonomy":"product_cat","embeddable":true,"href":"https:\/\/kidslicensing.com\/es\/wp-json\/wp\/v2\/product_cat?post=62269"},{"taxonomy":"product_tag","embeddable":true,"href":"https:\/\/kidslicensing.com\/es\/wp-json\/wp\/v2\/product_tag?post=62269"}],"curies":[{"name":"wp","href":"https:\/\/api.w.org\/{rel}","templated":true}]}}