{"id":62282,"date":"2022-09-08T12:40:04","date_gmt":"2022-09-08T10:40:04","guid":{"rendered":"https:\/\/kidslicensing.com\/?post_type=product&#038;p=62282"},"modified":"2022-11-30T13:10:13","modified_gmt":"2022-11-30T12:10:13","slug":"wow-generation-bolso-bandolera-alana","status":"publish","type":"product","link":"https:\/\/kidslicensing.com\/es\/shop\/bags-backpacks-es\/bolsas-bolsos\/wow-generation-bolso-bandolera-alana\/","title":{"rendered":"BOLSO BANDOLERA ALANA CORREA AJUSTABLE WOW GENERATION"},"content":{"rendered":"","protected":false},"excerpt":{"rendered":"<p>Si tu hija no puede salir de casa con su bolso lleno de sus efectos personales, esta bandolera es ideal para ella. Con un dise\u00f1o moderno es el complemento que tu peque estaba esperando para ser una chica WOW total. Adem\u00e1s, tiene una correa ajustable para que se adapte a ella a la perfecci\u00f3n. El bolso consta de un compartimento grande y un bolsillo delantero m\u00e1s peque\u00f1o, los dos con cierre de cremallera.<\/p>\n","protected":false},"featured_media":62119,"comment_status":"open","ping_status":"closed","template":"","meta":[],"product_cat":[808],"product_tag":[8022],"class_list":{"0":"post-62282","1":"product","2":"type-product","3":"status-publish","4":"has-post-thumbnail","5":"hentry","6":"product_cat-bolsas-bolsos","7":"product_tag-wow-generation","8":"pa_season-novalties","10":"entry","11":"has-media","12":"owp-thumbs-layout-horizontal","13":"owp-btn-normal","14":"owp-tabs-layout-horizontal","15":"has-product-nav"},"_links":{"self":[{"href":"https:\/\/kidslicensing.com\/es\/wp-json\/wp\/v2\/product\/62282","targetHints":{"allow":["GET"]}}],"collection":[{"href":"https:\/\/kidslicensing.com\/es\/wp-json\/wp\/v2\/product"}],"about":[{"href":"https:\/\/kidslicensing.com\/es\/wp-json\/wp\/v2\/types\/product"}],"replies":[{"embeddable":true,"href":"https:\/\/kidslicensing.com\/es\/wp-json\/wp\/v2\/comments?post=62282"}],"version-history":[{"count":1,"href":"https:\/\/kidslicensing.com\/es\/wp-json\/wp\/v2\/product\/62282\/revisions"}],"predecessor-version":[{"id":62283,"href":"https:\/\/kidslicensing.com\/es\/wp-json\/wp\/v2\/product\/62282\/revisions\/62283"}],"wp:featuredmedia":[{"embeddable":true,"href":"https:\/\/kidslicensing.com\/es\/wp-json\/wp\/v2\/media\/62119"}],"wp:attachment":[{"href":"https:\/\/kidslicensing.com\/es\/wp-json\/wp\/v2\/media?parent=62282"}],"wp:term":[{"taxonomy":"product_cat","embeddable":true,"href":"https:\/\/kidslicensing.com\/es\/wp-json\/wp\/v2\/product_cat?post=62282"},{"taxonomy":"product_tag","embeddable":true,"href":"https:\/\/kidslicensing.com\/es\/wp-json\/wp\/v2\/product_tag?post=62282"}],"curies":[{"name":"wp","href":"https:\/\/api.w.org\/{rel}","templated":true}]}}