{"id":62284,"date":"2022-09-08T12:43:07","date_gmt":"2022-09-08T10:43:07","guid":{"rendered":"https:\/\/kidslicensing.com\/?post_type=product&#038;p=62284"},"modified":"2022-11-30T13:10:13","modified_gmt":"2022-11-30T12:10:13","slug":"wow-generation-set-papeleria-lapices-libreta","status":"publish","type":"product","link":"https:\/\/kidslicensing.com\/es\/shop\/stationery-es\/stationery-sets-es\/wow-generation-set-papeleria-lapices-libreta\/","title":{"rendered":"SET PAPELER\u00cdA DE 48 L\u00c1PICES CON LIBRETA WOW GENERATION"},"content":{"rendered":"","protected":false},"excerpt":{"rendered":"<p>Set de papeler\u00eda para que tu peque saque su lado m\u00e1s creativo con toda variedad de l\u00e1pices de colores. Adem\u00e1s el set incluye dentro una libreta para que llene sus p\u00e1ginas de creaciones y dibujos. Para sentirse una aut\u00e9ntica chica WOW, tu hija va usar este set para sus creaciones m\u00e1s especiales. El set incluye:<br \/>&#8211; 12 l\u00e1pices de colores pastel<br \/>&#8211; 12 l\u00e1pices de colores neon<br \/>&#8211; 12 l\u00e1pices de colores cl\u00e1sicos<br \/>&#8211; 12 l\u00e1pices de colores efecto met\u00e1lico<br \/>&#8211; 1 libreta de hojas en blanco<br \/>Si tu hija es amante de todos los colores y de crear con ellos, este es el set perfecto para ser una chica WOW.<\/p>\n","protected":false},"featured_media":62014,"comment_status":"open","ping_status":"closed","template":"","meta":[],"product_cat":[976],"product_tag":[8022],"class_list":{"0":"post-62284","1":"product","2":"type-product","3":"status-publish","4":"has-post-thumbnail","5":"hentry","6":"product_cat-stationery-sets-es","7":"product_tag-wow-generation","8":"pa_season-novalties","10":"entry","11":"has-media","12":"owp-thumbs-layout-horizontal","13":"owp-btn-normal","14":"owp-tabs-layout-horizontal","15":"has-product-nav"},"_links":{"self":[{"href":"https:\/\/kidslicensing.com\/es\/wp-json\/wp\/v2\/product\/62284","targetHints":{"allow":["GET"]}}],"collection":[{"href":"https:\/\/kidslicensing.com\/es\/wp-json\/wp\/v2\/product"}],"about":[{"href":"https:\/\/kidslicensing.com\/es\/wp-json\/wp\/v2\/types\/product"}],"replies":[{"embeddable":true,"href":"https:\/\/kidslicensing.com\/es\/wp-json\/wp\/v2\/comments?post=62284"}],"version-history":[{"count":1,"href":"https:\/\/kidslicensing.com\/es\/wp-json\/wp\/v2\/product\/62284\/revisions"}],"predecessor-version":[{"id":62285,"href":"https:\/\/kidslicensing.com\/es\/wp-json\/wp\/v2\/product\/62284\/revisions\/62285"}],"wp:featuredmedia":[{"embeddable":true,"href":"https:\/\/kidslicensing.com\/es\/wp-json\/wp\/v2\/media\/62014"}],"wp:attachment":[{"href":"https:\/\/kidslicensing.com\/es\/wp-json\/wp\/v2\/media?parent=62284"}],"wp:term":[{"taxonomy":"product_cat","embeddable":true,"href":"https:\/\/kidslicensing.com\/es\/wp-json\/wp\/v2\/product_cat?post=62284"},{"taxonomy":"product_tag","embeddable":true,"href":"https:\/\/kidslicensing.com\/es\/wp-json\/wp\/v2\/product_tag?post=62284"}],"curies":[{"name":"wp","href":"https:\/\/api.w.org\/{rel}","templated":true}]}}