{"id":62870,"date":"2022-10-04T08:33:31","date_gmt":"2022-10-04T06:33:31","guid":{"rendered":"https:\/\/kidslicensing.com\/?post_type=product&#038;p=62870"},"modified":"2022-11-30T13:10:14","modified_gmt":"2022-11-30T12:10:14","slug":"accutime-reloj-led-batman","status":"publish","type":"product","link":"https:\/\/kidslicensing.com\/es\/shop\/watches-clocks-es\/digital-watches-es\/accutime-reloj-led-batman\/","title":{"rendered":"RELOJ LED BATMAN"},"content":{"rendered":"","protected":false},"excerpt":{"rendered":"<p>Si tu peque es amante de los superh\u00e9roes y le encanta vivir una y otra vez las aventuras de Batman, este es el reloj que necesita. Con funciones de hora de 12 horas y modo de fecha completa (mes y d\u00eda), ir\u00e1 super bien equipado para no llegar tarde a ning\u00fan sitio. Este reloj con bater\u00eda es el accesorio ideal para llevarlo a todas partes.<\/p>\n","protected":false},"featured_media":62871,"comment_status":"open","ping_status":"closed","template":"","meta":[],"product_cat":[1045],"product_tag":[8170],"class_list":{"0":"post-62870","1":"product","2":"type-product","3":"status-publish","4":"has-post-thumbnail","5":"hentry","6":"product_cat-digital-watches-es","7":"product_tag-accutime-es","8":"pa_season-novalties","10":"entry","11":"has-media","12":"owp-thumbs-layout-horizontal","13":"owp-btn-normal","14":"owp-tabs-layout-horizontal","15":"has-product-nav"},"_links":{"self":[{"href":"https:\/\/kidslicensing.com\/es\/wp-json\/wp\/v2\/product\/62870","targetHints":{"allow":["GET"]}}],"collection":[{"href":"https:\/\/kidslicensing.com\/es\/wp-json\/wp\/v2\/product"}],"about":[{"href":"https:\/\/kidslicensing.com\/es\/wp-json\/wp\/v2\/types\/product"}],"replies":[{"embeddable":true,"href":"https:\/\/kidslicensing.com\/es\/wp-json\/wp\/v2\/comments?post=62870"}],"version-history":[{"count":1,"href":"https:\/\/kidslicensing.com\/es\/wp-json\/wp\/v2\/product\/62870\/revisions"}],"predecessor-version":[{"id":62895,"href":"https:\/\/kidslicensing.com\/es\/wp-json\/wp\/v2\/product\/62870\/revisions\/62895"}],"wp:featuredmedia":[{"embeddable":true,"href":"https:\/\/kidslicensing.com\/es\/wp-json\/wp\/v2\/media\/62871"}],"wp:attachment":[{"href":"https:\/\/kidslicensing.com\/es\/wp-json\/wp\/v2\/media?parent=62870"}],"wp:term":[{"taxonomy":"product_cat","embeddable":true,"href":"https:\/\/kidslicensing.com\/es\/wp-json\/wp\/v2\/product_cat?post=62870"},{"taxonomy":"product_tag","embeddable":true,"href":"https:\/\/kidslicensing.com\/es\/wp-json\/wp\/v2\/product_tag?post=62870"}],"curies":[{"name":"wp","href":"https:\/\/api.w.org\/{rel}","templated":true}]}}