{"id":63105,"date":"2022-10-04T09:09:42","date_gmt":"2022-10-04T07:09:42","guid":{"rendered":"https:\/\/kidslicensing.com\/?post_type=product&#038;p=63105"},"modified":"2026-05-03T20:45:36","modified_gmt":"2026-05-03T18:45:36","slug":"accutime-reloj-inteligente-pokemon","status":"publish","type":"product","link":"https:\/\/kidslicensing.com\/es\/shop\/watches-clocks-es\/digital-watches-es\/accutime-reloj-inteligente-pokemon\/","title":{"rendered":"RELOJ INTELIGENTE POKEMON"},"content":{"rendered":"","protected":false},"excerpt":{"rendered":"<p>Para los fieles seguidores de la serie Pokemon, este reloj inteligente se va a convertir en el accesorio favorito de tu peque para cada d\u00eda. Con \u00e9l va a poder jugar y aprender con un dise\u00f1o adaptado a la \u00faltima moda. Contiene las siguientes funciones interactivas:<br \/>\n-C\u00e1mara de fotos y v\u00eddeo<br \/>\n-Calculadora<br \/>\n-Grabadora de voz<br \/>\n-Reloj digital<br \/>\n-Alarma<br \/>\n-Pod\u00f3metro<br \/>\n-Galer\u00eda de fotos<br \/>\n-Configuraci\u00f3n y personalizaci\u00f3n del dispositivo<\/p>\n","protected":false},"featured_media":63106,"comment_status":"open","ping_status":"closed","template":"","meta":[],"product_cat":[1045],"product_tag":[8170],"class_list":{"0":"post-63105","1":"product","2":"type-product","3":"status-publish","4":"has-post-thumbnail","5":"hentry","6":"product_cat-digital-watches-es","7":"product_tag-accutime-es","8":"pa_season-novalties","10":"entry","11":"has-media","12":"owp-thumbs-layout-horizontal","13":"owp-btn-normal","14":"owp-tabs-layout-horizontal","15":"has-product-nav"},"_links":{"self":[{"href":"https:\/\/kidslicensing.com\/es\/wp-json\/wp\/v2\/product\/63105","targetHints":{"allow":["GET"]}}],"collection":[{"href":"https:\/\/kidslicensing.com\/es\/wp-json\/wp\/v2\/product"}],"about":[{"href":"https:\/\/kidslicensing.com\/es\/wp-json\/wp\/v2\/types\/product"}],"replies":[{"embeddable":true,"href":"https:\/\/kidslicensing.com\/es\/wp-json\/wp\/v2\/comments?post=63105"}],"version-history":[{"count":3,"href":"https:\/\/kidslicensing.com\/es\/wp-json\/wp\/v2\/product\/63105\/revisions"}],"predecessor-version":[{"id":84713,"href":"https:\/\/kidslicensing.com\/es\/wp-json\/wp\/v2\/product\/63105\/revisions\/84713"}],"wp:featuredmedia":[{"embeddable":true,"href":"https:\/\/kidslicensing.com\/es\/wp-json\/wp\/v2\/media\/63106"}],"wp:attachment":[{"href":"https:\/\/kidslicensing.com\/es\/wp-json\/wp\/v2\/media?parent=63105"}],"wp:term":[{"taxonomy":"product_cat","embeddable":true,"href":"https:\/\/kidslicensing.com\/es\/wp-json\/wp\/v2\/product_cat?post=63105"},{"taxonomy":"product_tag","embeddable":true,"href":"https:\/\/kidslicensing.com\/es\/wp-json\/wp\/v2\/product_tag?post=63105"}],"curies":[{"name":"wp","href":"https:\/\/api.w.org\/{rel}","templated":true}]}}