{"id":63183,"date":"2022-10-04T09:23:28","date_gmt":"2022-10-04T07:23:28","guid":{"rendered":"https:\/\/kidslicensing.com\/?post_type=product&#038;p=63183"},"modified":"2023-05-17T15:18:28","modified_gmt":"2023-05-17T13:18:28","slug":"accutime-camara-interactiva-pokemon","status":"publish","type":"product","link":"https:\/\/kidslicensing.com\/es\/shop\/toys-es\/electronics-toys-es\/accutime-camara-interactiva-pokemon\/","title":{"rendered":"C\u00c1MARA INTERACTIVA POKEMON"},"content":{"rendered":"","protected":false},"excerpt":{"rendered":"<p>Esta c\u00e1mara digital interactiva es la revoluci\u00f3n de este a\u00f1o. Para que tu peque inmoralice todos los momentos de su vida, esta c\u00e1mara de su serie favorita va a ser lo \u00fanico que se quiera llevar a todas partes. Se lo va a pasar en grande con todas las funcionalidades que incluye:<br \/>-Funci\u00f3n de foto y v\u00eddeo<br \/>-Zoom x4<br \/>-5 Mega P\u00edxeles<br \/>-1080px de resoluci\u00f3n de v\u00eddeo<br \/>-Divertidos filtros incorporados<br \/>-Efectos especiales<br \/>-Incluye reproductor MP3 con altavoces<br \/>-Micro tarjeta SD<\/p>\n","protected":false},"featured_media":63184,"comment_status":"open","ping_status":"closed","template":"","meta":[],"product_cat":[997],"product_tag":[8170],"class_list":{"0":"post-63183","1":"product","2":"type-product","3":"status-publish","4":"has-post-thumbnail","5":"hentry","6":"product_cat-electronics-toys-es","7":"product_tag-accutime-es","8":"pa_season-novalties","10":"entry","11":"has-media","12":"owp-thumbs-layout-horizontal","13":"owp-btn-normal","14":"owp-tabs-layout-horizontal","15":"has-product-nav"},"_links":{"self":[{"href":"https:\/\/kidslicensing.com\/es\/wp-json\/wp\/v2\/product\/63183","targetHints":{"allow":["GET"]}}],"collection":[{"href":"https:\/\/kidslicensing.com\/es\/wp-json\/wp\/v2\/product"}],"about":[{"href":"https:\/\/kidslicensing.com\/es\/wp-json\/wp\/v2\/types\/product"}],"replies":[{"embeddable":true,"href":"https:\/\/kidslicensing.com\/es\/wp-json\/wp\/v2\/comments?post=63183"}],"version-history":[{"count":1,"href":"https:\/\/kidslicensing.com\/es\/wp-json\/wp\/v2\/product\/63183\/revisions"}],"predecessor-version":[{"id":63208,"href":"https:\/\/kidslicensing.com\/es\/wp-json\/wp\/v2\/product\/63183\/revisions\/63208"}],"wp:featuredmedia":[{"embeddable":true,"href":"https:\/\/kidslicensing.com\/es\/wp-json\/wp\/v2\/media\/63184"}],"wp:attachment":[{"href":"https:\/\/kidslicensing.com\/es\/wp-json\/wp\/v2\/media?parent=63183"}],"wp:term":[{"taxonomy":"product_cat","embeddable":true,"href":"https:\/\/kidslicensing.com\/es\/wp-json\/wp\/v2\/product_cat?post=63183"},{"taxonomy":"product_tag","embeddable":true,"href":"https:\/\/kidslicensing.com\/es\/wp-json\/wp\/v2\/product_tag?post=63183"}],"curies":[{"name":"wp","href":"https:\/\/api.w.org\/{rel}","templated":true}]}}