{"id":63305,"date":"2022-10-04T09:47:13","date_gmt":"2022-10-04T07:47:13","guid":{"rendered":"https:\/\/kidslicensing.com\/?post_type=product&#038;p=63305"},"modified":"2023-05-17T09:35:58","modified_gmt":"2023-05-17T07:35:58","slug":"peppa-pig-baby-balancin-roly-poly","status":"publish","type":"product","link":"https:\/\/kidslicensing.com\/es\/shop\/toys-es\/primera-infancia-es\/peppa-pig-baby-balancin-roly-poly\/","title":{"rendered":"BALANC\u00cdN ROLY POLY"},"content":{"rendered":"","protected":false},"excerpt":{"rendered":"<p>Si tu beb\u00e9 est\u00e1 estimulando sus sentidos y en plena etapa de aprendizaje, este balaci\u00f3n Roly Poly es ideal. Gracias a sus colores y sonidos va a fomentar la autoconsciencia y su sentido de la curiosidad. No hay mejor compa\u00f1era como Peppa Pig para crecer aprendiendo y desarrollando habilidades.<\/p>\n","protected":false},"featured_media":63321,"comment_status":"open","ping_status":"closed","template":"","meta":[],"product_cat":[7982],"product_tag":[232],"class_list":{"0":"post-63305","1":"product","2":"type-product","3":"status-publish","4":"has-post-thumbnail","5":"hentry","6":"product_cat-primera-infancia-es","7":"product_tag-peppa-pig-es","8":"pa_season-novalties","10":"entry","11":"has-media","12":"owp-thumbs-layout-horizontal","13":"owp-btn-normal","14":"owp-tabs-layout-horizontal","15":"has-product-nav"},"_links":{"self":[{"href":"https:\/\/kidslicensing.com\/es\/wp-json\/wp\/v2\/product\/63305","targetHints":{"allow":["GET"]}}],"collection":[{"href":"https:\/\/kidslicensing.com\/es\/wp-json\/wp\/v2\/product"}],"about":[{"href":"https:\/\/kidslicensing.com\/es\/wp-json\/wp\/v2\/types\/product"}],"replies":[{"embeddable":true,"href":"https:\/\/kidslicensing.com\/es\/wp-json\/wp\/v2\/comments?post=63305"}],"version-history":[{"count":1,"href":"https:\/\/kidslicensing.com\/es\/wp-json\/wp\/v2\/product\/63305\/revisions"}],"predecessor-version":[{"id":63330,"href":"https:\/\/kidslicensing.com\/es\/wp-json\/wp\/v2\/product\/63305\/revisions\/63330"}],"wp:featuredmedia":[{"embeddable":true,"href":"https:\/\/kidslicensing.com\/es\/wp-json\/wp\/v2\/media\/63321"}],"wp:attachment":[{"href":"https:\/\/kidslicensing.com\/es\/wp-json\/wp\/v2\/media?parent=63305"}],"wp:term":[{"taxonomy":"product_cat","embeddable":true,"href":"https:\/\/kidslicensing.com\/es\/wp-json\/wp\/v2\/product_cat?post=63305"},{"taxonomy":"product_tag","embeddable":true,"href":"https:\/\/kidslicensing.com\/es\/wp-json\/wp\/v2\/product_tag?post=63305"}],"curies":[{"name":"wp","href":"https:\/\/api.w.org\/{rel}","templated":true}]}}