{"id":63427,"date":"2022-10-04T10:16:25","date_gmt":"2022-10-04T08:16:25","guid":{"rendered":"https:\/\/kidslicensing.com\/?post_type=product&#038;p=63427"},"modified":"2023-05-17T15:30:06","modified_gmt":"2023-05-17T13:30:06","slug":"peppa-pig-baby-gimnasio-didactico","status":"publish","type":"product","link":"https:\/\/kidslicensing.com\/es\/shop\/toys-es\/primera-infancia-es\/peppa-pig-baby-gimnasio-didactico\/","title":{"rendered":"GIMNASIO DID\u00c1CTICO"},"content":{"rendered":"","protected":false},"excerpt":{"rendered":"<p>Con el gimnasio did\u00e1ctico de Peppa Pig, tu beb\u00e9 va a descubrir un mundo lleno de colores, sonidos, formas y texturas. Esta manta es ideal para fomentar el desarrollo de las habilidades motoras del beb\u00e9 durante su etapa de crecimiento y aprendizaje. Tumba al peque en la c\u00f3moda manta y deja que explore todas las actividades y disfrute de los est\u00edmulos que le ayudaran en su desarrollo temprano. \u00a1Es hora de jugar!<\/p>\n","protected":false},"featured_media":63436,"comment_status":"open","ping_status":"closed","template":"","meta":[],"product_cat":[7982],"product_tag":[232],"class_list":{"0":"post-63427","1":"product","2":"type-product","3":"status-publish","4":"has-post-thumbnail","5":"hentry","6":"product_cat-primera-infancia-es","7":"product_tag-peppa-pig-es","8":"pa_season-novalties","10":"entry","11":"has-media","12":"owp-thumbs-layout-horizontal","13":"owp-btn-normal","14":"owp-tabs-layout-horizontal","15":"has-product-nav"},"_links":{"self":[{"href":"https:\/\/kidslicensing.com\/es\/wp-json\/wp\/v2\/product\/63427","targetHints":{"allow":["GET"]}}],"collection":[{"href":"https:\/\/kidslicensing.com\/es\/wp-json\/wp\/v2\/product"}],"about":[{"href":"https:\/\/kidslicensing.com\/es\/wp-json\/wp\/v2\/types\/product"}],"replies":[{"embeddable":true,"href":"https:\/\/kidslicensing.com\/es\/wp-json\/wp\/v2\/comments?post=63427"}],"version-history":[{"count":1,"href":"https:\/\/kidslicensing.com\/es\/wp-json\/wp\/v2\/product\/63427\/revisions"}],"predecessor-version":[{"id":63460,"href":"https:\/\/kidslicensing.com\/es\/wp-json\/wp\/v2\/product\/63427\/revisions\/63460"}],"wp:featuredmedia":[{"embeddable":true,"href":"https:\/\/kidslicensing.com\/es\/wp-json\/wp\/v2\/media\/63436"}],"wp:attachment":[{"href":"https:\/\/kidslicensing.com\/es\/wp-json\/wp\/v2\/media?parent=63427"}],"wp:term":[{"taxonomy":"product_cat","embeddable":true,"href":"https:\/\/kidslicensing.com\/es\/wp-json\/wp\/v2\/product_cat?post=63427"},{"taxonomy":"product_tag","embeddable":true,"href":"https:\/\/kidslicensing.com\/es\/wp-json\/wp\/v2\/product_tag?post=63427"}],"curies":[{"name":"wp","href":"https:\/\/api.w.org\/{rel}","templated":true}]}}