{"id":63461,"date":"2022-10-04T10:24:51","date_gmt":"2022-10-04T08:24:51","guid":{"rendered":"https:\/\/kidslicensing.com\/?post_type=product&#038;p=63461"},"modified":"2023-01-11T09:45:59","modified_gmt":"2023-01-11T08:45:59","slug":"peppa-pig-baby-pelota-mordedor","status":"publish","type":"product","link":"https:\/\/kidslicensing.com\/es\/shop\/toys-es\/primera-infancia-es\/peppa-pig-baby-pelota-mordedor\/","title":{"rendered":"PELOTA MORDEDOR"},"content":{"rendered":"","protected":false},"excerpt":{"rendered":"<p>No hay mejor manera de afrontar el crecimiento del beb\u00e9 y su etapa de aprendizaje que poder estimularlo con juegos. Gracias a sus colores, sonidos y texturas, el beb\u00e9 estimular\u00e1 de forma temprana sus sentidos de la vista, el o\u00eddo y el tacto. Adem\u00e1s, tiene funci\u00f3n de mordedor, para ayudarle a aliviar el dolor de enc\u00edas cuando empiezan a crecerle los dientes. \u00a1No hay mejor forma de aprender que jugando!<\/p>\n","protected":false},"featured_media":63470,"comment_status":"open","ping_status":"closed","template":"","meta":[],"product_cat":[7982],"product_tag":[232],"class_list":{"0":"post-63461","1":"product","2":"type-product","3":"status-publish","4":"has-post-thumbnail","5":"hentry","6":"product_cat-primera-infancia-es","7":"product_tag-peppa-pig-es","8":"pa_season-novalties","10":"entry","11":"has-media","12":"owp-thumbs-layout-horizontal","13":"owp-btn-normal","14":"owp-tabs-layout-horizontal","15":"has-product-nav"},"_links":{"self":[{"href":"https:\/\/kidslicensing.com\/es\/wp-json\/wp\/v2\/product\/63461","targetHints":{"allow":["GET"]}}],"collection":[{"href":"https:\/\/kidslicensing.com\/es\/wp-json\/wp\/v2\/product"}],"about":[{"href":"https:\/\/kidslicensing.com\/es\/wp-json\/wp\/v2\/types\/product"}],"replies":[{"embeddable":true,"href":"https:\/\/kidslicensing.com\/es\/wp-json\/wp\/v2\/comments?post=63461"}],"version-history":[{"count":1,"href":"https:\/\/kidslicensing.com\/es\/wp-json\/wp\/v2\/product\/63461\/revisions"}],"predecessor-version":[{"id":63478,"href":"https:\/\/kidslicensing.com\/es\/wp-json\/wp\/v2\/product\/63461\/revisions\/63478"}],"wp:featuredmedia":[{"embeddable":true,"href":"https:\/\/kidslicensing.com\/es\/wp-json\/wp\/v2\/media\/63470"}],"wp:attachment":[{"href":"https:\/\/kidslicensing.com\/es\/wp-json\/wp\/v2\/media?parent=63461"}],"wp:term":[{"taxonomy":"product_cat","embeddable":true,"href":"https:\/\/kidslicensing.com\/es\/wp-json\/wp\/v2\/product_cat?post=63461"},{"taxonomy":"product_tag","embeddable":true,"href":"https:\/\/kidslicensing.com\/es\/wp-json\/wp\/v2\/product_tag?post=63461"}],"curies":[{"name":"wp","href":"https:\/\/api.w.org\/{rel}","templated":true}]}}