{"id":63549,"date":"2022-10-04T10:44:32","date_gmt":"2022-10-04T08:44:32","guid":{"rendered":"https:\/\/kidslicensing.com\/?post_type=product&#038;p=63549"},"modified":"2023-09-26T13:29:43","modified_gmt":"2023-09-26T11:29:43","slug":"accutime-reloj-inteligente-spiderman","status":"publish","type":"product","link":"https:\/\/kidslicensing.com\/es\/shop\/watches-clocks-es\/digital-watches-es\/accutime-reloj-inteligente-spiderman\/","title":{"rendered":"RELOJ INTELIGENTE SPIDERMAN"},"content":{"rendered":"","protected":false},"excerpt":{"rendered":"<p>Para los fieles seguidores de Superman, este reloj inteligente se va a convertir en el accesorio favorito de tu peque para cada d\u00eda. Con \u00e9l va a poder jugar y aprender con un dise\u00f1o adaptado a la \u00faltima moda. Contiene 10 funciones interactivas:<br \/>\n-C\u00e1mara de fotos y v\u00eddeo<br \/>\n-Juegos incorporados<br \/>\n-Calculadora<br \/>\n-Grabadora de voz<br \/>\n-Reloj digital<br \/>\n-Alarma<br \/>\n-Pod\u00f3metro<br \/>\n-Galer\u00eda de fotos<br \/>\n-Configuraci\u00f3n y personalizaci\u00f3n del dispositivo<\/p>\n","protected":false},"featured_media":63558,"comment_status":"open","ping_status":"closed","template":"","meta":[],"product_cat":[1045],"product_tag":[8170],"class_list":{"0":"post-63549","1":"product","2":"type-product","3":"status-publish","4":"has-post-thumbnail","5":"hentry","6":"product_cat-digital-watches-es","7":"product_tag-accutime-es","8":"pa_season-novalties","10":"entry","11":"has-media","12":"owp-thumbs-layout-horizontal","13":"owp-btn-normal","14":"owp-tabs-layout-horizontal","15":"has-product-nav"},"_links":{"self":[{"href":"https:\/\/kidslicensing.com\/es\/wp-json\/wp\/v2\/product\/63549","targetHints":{"allow":["GET"]}}],"collection":[{"href":"https:\/\/kidslicensing.com\/es\/wp-json\/wp\/v2\/product"}],"about":[{"href":"https:\/\/kidslicensing.com\/es\/wp-json\/wp\/v2\/types\/product"}],"replies":[{"embeddable":true,"href":"https:\/\/kidslicensing.com\/es\/wp-json\/wp\/v2\/comments?post=63549"}],"version-history":[{"count":2,"href":"https:\/\/kidslicensing.com\/es\/wp-json\/wp\/v2\/product\/63549\/revisions"}],"predecessor-version":[{"id":84712,"href":"https:\/\/kidslicensing.com\/es\/wp-json\/wp\/v2\/product\/63549\/revisions\/84712"}],"wp:featuredmedia":[{"embeddable":true,"href":"https:\/\/kidslicensing.com\/es\/wp-json\/wp\/v2\/media\/63558"}],"wp:attachment":[{"href":"https:\/\/kidslicensing.com\/es\/wp-json\/wp\/v2\/media?parent=63549"}],"wp:term":[{"taxonomy":"product_cat","embeddable":true,"href":"https:\/\/kidslicensing.com\/es\/wp-json\/wp\/v2\/product_cat?post=63549"},{"taxonomy":"product_tag","embeddable":true,"href":"https:\/\/kidslicensing.com\/es\/wp-json\/wp\/v2\/product_tag?post=63549"}],"curies":[{"name":"wp","href":"https:\/\/api.w.org\/{rel}","templated":true}]}}