{"id":76559,"date":"2023-03-28T11:32:21","date_gmt":"2023-03-28T09:32:21","guid":{"rendered":"https:\/\/kidslicensing.com\/?post_type=product&#038;p=76559"},"modified":"2023-04-11T08:45:21","modified_gmt":"2023-04-11T06:45:21","slug":"etnic-animals-mochila-neopreno","status":"publish","type":"product","link":"https:\/\/kidslicensing.com\/es\/shop\/bags-backpacks-es\/backpacks-es\/etnic-animals-mochila-neopreno\/","title":{"rendered":"MOCHILA NEOPRENO 25CM ETNIC ANIMALS"},"content":{"rendered":"","protected":false},"excerpt":{"rendered":"<p>\u00bfAlguien ha dicho hora de la aventura? No te olvides de llevar esta bolsa de neopreno de Ethnic Animals. La bolsa perfecta con tem\u00e1tica de los divertidos animalitos. Esta no es la t\u00edpica mochila. Est\u00e1 hecha de un material de neopreno que la hace impermeable lavable ligera y aislante. Mantendr\u00e1 todo el calor\/fr\u00edo alejado de tus pertenencias. El material permite que la bolsa se pueda plegar y guardar f\u00e1cilmente. Adem\u00e1s de sus incre\u00edbles propiedades es s\u00faper funcional ya que cuenta con un compartimento cil\u00edndrico en su interior para guardar tu botella de agua.Y por si fuera poco viene con una bolsa redonda a juego de los animales favoritos de tu peque para guardar las monedas que puedas encontrar durante tu aventura. \u00a1Imprescindible!<\/p>\n","protected":false},"featured_media":78130,"comment_status":"open","ping_status":"closed","template":"","meta":[],"product_cat":[801],"product_tag":[8478],"class_list":{"0":"post-76559","1":"product","2":"type-product","3":"status-publish","4":"has-post-thumbnail","5":"hentry","6":"product_cat-backpacks-es","7":"product_tag-etnic-animals","9":"entry","10":"has-media","11":"owp-thumbs-layout-horizontal","12":"owp-btn-normal","13":"owp-tabs-layout-horizontal","14":"has-no-thumbnails","15":"has-product-nav"},"_links":{"self":[{"href":"https:\/\/kidslicensing.com\/es\/wp-json\/wp\/v2\/product\/76559","targetHints":{"allow":["GET"]}}],"collection":[{"href":"https:\/\/kidslicensing.com\/es\/wp-json\/wp\/v2\/product"}],"about":[{"href":"https:\/\/kidslicensing.com\/es\/wp-json\/wp\/v2\/types\/product"}],"replies":[{"embeddable":true,"href":"https:\/\/kidslicensing.com\/es\/wp-json\/wp\/v2\/comments?post=76559"}],"version-history":[{"count":1,"href":"https:\/\/kidslicensing.com\/es\/wp-json\/wp\/v2\/product\/76559\/revisions"}],"predecessor-version":[{"id":76572,"href":"https:\/\/kidslicensing.com\/es\/wp-json\/wp\/v2\/product\/76559\/revisions\/76572"}],"wp:featuredmedia":[{"embeddable":true,"href":"https:\/\/kidslicensing.com\/es\/wp-json\/wp\/v2\/media\/78130"}],"wp:attachment":[{"href":"https:\/\/kidslicensing.com\/es\/wp-json\/wp\/v2\/media?parent=76559"}],"wp:term":[{"taxonomy":"product_cat","embeddable":true,"href":"https:\/\/kidslicensing.com\/es\/wp-json\/wp\/v2\/product_cat?post=76559"},{"taxonomy":"product_tag","embeddable":true,"href":"https:\/\/kidslicensing.com\/es\/wp-json\/wp\/v2\/product_tag?post=76559"}],"curies":[{"name":"wp","href":"https:\/\/api.w.org\/{rel}","templated":true}]}}