{"id":76591,"date":"2023-03-28T11:51:46","date_gmt":"2023-03-28T09:51:46","guid":{"rendered":"https:\/\/kidslicensing.com\/?post_type=product&#038;p=76591"},"modified":"2023-04-11T08:57:12","modified_gmt":"2023-04-11T06:57:12","slug":"sweet-dreams-mochila-pu-rosa-metalizada","status":"publish","type":"product","link":"https:\/\/kidslicensing.com\/es\/shop\/bags-backpacks-es\/backpacks-es\/sweet-dreams-mochila-pu-rosa-metalizada\/","title":{"rendered":"MOCHILA PU ROSA METALIZADA SWEET DREAMS"},"content":{"rendered":"","protected":false},"excerpt":{"rendered":"<p>La mochila Sweet Dreams efecto metalizado brillante es la compa\u00f1era ideal de tu peque para ir a la escuela o salir de excursi\u00f3n los fines de semana. Con un dise\u00f1o rompedor y llamativo, y su gran capacidad, tu peque podr\u00e1 transportar todo lo que necesita. La mochila tiene un compartimento grande con cierre de cremallera, un bolsillo delantero, tambi\u00e9n con cremallera y dos bolsillos el\u00e1sticos a los laterales con rejilla. Esta mochila con purpurina en movimiento es el complemento que tu hija estaba esperando. \u00bfYa lo tienes?<\/p>\n","protected":false},"featured_media":78186,"comment_status":"open","ping_status":"closed","template":"","meta":[],"product_cat":[801],"product_tag":[1050],"class_list":{"0":"post-76591","1":"product","2":"type-product","3":"status-publish","4":"has-post-thumbnail","5":"hentry","6":"product_cat-backpacks-es","7":"product_tag-sweet-dreams-es","9":"entry","10":"has-media","11":"owp-thumbs-layout-horizontal","12":"owp-btn-normal","13":"owp-tabs-layout-horizontal","14":"has-no-thumbnails","15":"has-product-nav"},"_links":{"self":[{"href":"https:\/\/kidslicensing.com\/es\/wp-json\/wp\/v2\/product\/76591","targetHints":{"allow":["GET"]}}],"collection":[{"href":"https:\/\/kidslicensing.com\/es\/wp-json\/wp\/v2\/product"}],"about":[{"href":"https:\/\/kidslicensing.com\/es\/wp-json\/wp\/v2\/types\/product"}],"replies":[{"embeddable":true,"href":"https:\/\/kidslicensing.com\/es\/wp-json\/wp\/v2\/comments?post=76591"}],"version-history":[{"count":1,"href":"https:\/\/kidslicensing.com\/es\/wp-json\/wp\/v2\/product\/76591\/revisions"}],"predecessor-version":[{"id":76603,"href":"https:\/\/kidslicensing.com\/es\/wp-json\/wp\/v2\/product\/76591\/revisions\/76603"}],"wp:featuredmedia":[{"embeddable":true,"href":"https:\/\/kidslicensing.com\/es\/wp-json\/wp\/v2\/media\/78186"}],"wp:attachment":[{"href":"https:\/\/kidslicensing.com\/es\/wp-json\/wp\/v2\/media?parent=76591"}],"wp:term":[{"taxonomy":"product_cat","embeddable":true,"href":"https:\/\/kidslicensing.com\/es\/wp-json\/wp\/v2\/product_cat?post=76591"},{"taxonomy":"product_tag","embeddable":true,"href":"https:\/\/kidslicensing.com\/es\/wp-json\/wp\/v2\/product_tag?post=76591"}],"curies":[{"name":"wp","href":"https:\/\/api.w.org\/{rel}","templated":true}]}}