{"id":76594,"date":"2023-03-28T11:57:25","date_gmt":"2023-03-28T09:57:25","guid":{"rendered":"https:\/\/kidslicensing.com\/?post_type=product&#038;p=76594"},"modified":"2023-04-11T09:12:00","modified_gmt":"2023-04-11T07:12:00","slug":"you-are-special-toalla-algodon","status":"publish","type":"product","link":"https:\/\/kidslicensing.com\/es\/shop\/accessories-es\/towels-ponchos-es\/you-are-special-toalla-algodon\/","title":{"rendered":"TOALLA DE ALGOD\u00d3N YOU ARE SPECIAL 70x140CM"},"content":{"rendered":"","protected":false},"excerpt":{"rendered":"<p>Esta Toalla de algod\u00f3n de You&#8217;re Special es el complemento necesario para los d\u00edas de ocio al aire libre. Su textil de algod\u00f3n es ligero y facilita un secado r\u00e1pido.<\/p>\n<p>\u00bfVamos a la playa?<\/p>\n","protected":false},"featured_media":78242,"comment_status":"open","ping_status":"closed","template":"","meta":[],"product_cat":[4496],"product_tag":[1047],"class_list":{"0":"post-76594","1":"product","2":"type-product","3":"status-publish","4":"has-post-thumbnail","5":"hentry","6":"product_cat-towels-ponchos-es","7":"product_tag-you-are-special-es","9":"entry","10":"has-media","11":"owp-thumbs-layout-horizontal","12":"owp-btn-normal","13":"owp-tabs-layout-horizontal","14":"has-no-thumbnails","15":"has-product-nav"},"_links":{"self":[{"href":"https:\/\/kidslicensing.com\/es\/wp-json\/wp\/v2\/product\/76594","targetHints":{"allow":["GET"]}}],"collection":[{"href":"https:\/\/kidslicensing.com\/es\/wp-json\/wp\/v2\/product"}],"about":[{"href":"https:\/\/kidslicensing.com\/es\/wp-json\/wp\/v2\/types\/product"}],"replies":[{"embeddable":true,"href":"https:\/\/kidslicensing.com\/es\/wp-json\/wp\/v2\/comments?post=76594"}],"version-history":[{"count":1,"href":"https:\/\/kidslicensing.com\/es\/wp-json\/wp\/v2\/product\/76594\/revisions"}],"predecessor-version":[{"id":76606,"href":"https:\/\/kidslicensing.com\/es\/wp-json\/wp\/v2\/product\/76594\/revisions\/76606"}],"wp:featuredmedia":[{"embeddable":true,"href":"https:\/\/kidslicensing.com\/es\/wp-json\/wp\/v2\/media\/78242"}],"wp:attachment":[{"href":"https:\/\/kidslicensing.com\/es\/wp-json\/wp\/v2\/media?parent=76594"}],"wp:term":[{"taxonomy":"product_cat","embeddable":true,"href":"https:\/\/kidslicensing.com\/es\/wp-json\/wp\/v2\/product_cat?post=76594"},{"taxonomy":"product_tag","embeddable":true,"href":"https:\/\/kidslicensing.com\/es\/wp-json\/wp\/v2\/product_tag?post=76594"}],"curies":[{"name":"wp","href":"https:\/\/api.w.org\/{rel}","templated":true}]}}