{"id":76616,"date":"2023-03-29T09:23:56","date_gmt":"2023-03-29T07:23:56","guid":{"rendered":"https:\/\/kidslicensing.com\/?post_type=product&#038;p=76616"},"modified":"2023-04-05T13:00:53","modified_gmt":"2023-04-05T11:00:53","slug":"sweet-dreams-neceser-pu-rosa-metalizado","status":"publish","type":"product","link":"https:\/\/kidslicensing.com\/es\/shop\/bags-backpacks-es\/bolsas-bolsos\/sweet-dreams-neceser-pu-rosa-metalizado\/","title":{"rendered":"NECESER PU ROSA METALIZADO SWEET DREAMS"},"content":{"rendered":"","protected":false},"excerpt":{"rendered":"<p>Neceser rectangular de gran capacidad de Sweet Dreams. Dise\u00f1o con efecto metalizado brillante y una estampaci\u00f3n de los unicornios, es perfecto para que guarde sus accesorios de aseo, de belleza o de cosm\u00e9tica. Adem\u00e1s tiene cierre con cremallera para que no le caiga nada y lo guarde con total comodidad. \u00bfYa tiene el suyo?<\/p>\n","protected":false},"featured_media":77673,"comment_status":"open","ping_status":"closed","template":"","meta":[],"product_cat":[808],"product_tag":[1050],"class_list":{"0":"post-76616","1":"product","2":"type-product","3":"status-publish","4":"has-post-thumbnail","5":"hentry","6":"product_cat-bolsas-bolsos","7":"product_tag-sweet-dreams-es","9":"entry","10":"has-media","11":"owp-thumbs-layout-horizontal","12":"owp-btn-normal","13":"owp-tabs-layout-horizontal","14":"has-no-thumbnails","15":"has-product-nav"},"_links":{"self":[{"href":"https:\/\/kidslicensing.com\/es\/wp-json\/wp\/v2\/product\/76616","targetHints":{"allow":["GET"]}}],"collection":[{"href":"https:\/\/kidslicensing.com\/es\/wp-json\/wp\/v2\/product"}],"about":[{"href":"https:\/\/kidslicensing.com\/es\/wp-json\/wp\/v2\/types\/product"}],"replies":[{"embeddable":true,"href":"https:\/\/kidslicensing.com\/es\/wp-json\/wp\/v2\/comments?post=76616"}],"version-history":[{"count":1,"href":"https:\/\/kidslicensing.com\/es\/wp-json\/wp\/v2\/product\/76616\/revisions"}],"predecessor-version":[{"id":76627,"href":"https:\/\/kidslicensing.com\/es\/wp-json\/wp\/v2\/product\/76616\/revisions\/76627"}],"wp:featuredmedia":[{"embeddable":true,"href":"https:\/\/kidslicensing.com\/es\/wp-json\/wp\/v2\/media\/77673"}],"wp:attachment":[{"href":"https:\/\/kidslicensing.com\/es\/wp-json\/wp\/v2\/media?parent=76616"}],"wp:term":[{"taxonomy":"product_cat","embeddable":true,"href":"https:\/\/kidslicensing.com\/es\/wp-json\/wp\/v2\/product_cat?post=76616"},{"taxonomy":"product_tag","embeddable":true,"href":"https:\/\/kidslicensing.com\/es\/wp-json\/wp\/v2\/product_tag?post=76616"}],"curies":[{"name":"wp","href":"https:\/\/api.w.org\/{rel}","templated":true}]}}