{"id":76650,"date":"2023-03-29T10:47:41","date_gmt":"2023-03-29T08:47:41","guid":{"rendered":"https:\/\/kidslicensing.com\/?post_type=product&#038;p=76650"},"modified":"2023-05-17T15:28:18","modified_gmt":"2023-05-17T13:28:18","slug":"hot-wheels-toalla-algodon","status":"publish","type":"product","link":"https:\/\/kidslicensing.com\/es\/shop\/accessories-es\/towels-ponchos-es\/hot-wheels-toalla-algodon\/","title":{"rendered":"TOALLA DE ALGODON HOTWHEELS 70x140CM"},"content":{"rendered":"","protected":false},"excerpt":{"rendered":"<p>Esta Toalla de algod\u00f3n de Hotwheels es el complemento necesario para los d\u00edas de ocio al aire libre. Su textil de algod\u00f3n es ligero y facilita un secado r\u00e1pido.<\/p>\n<p>\u00bfVamos a la playa?<\/p>\n","protected":false},"featured_media":78466,"comment_status":"open","ping_status":"closed","template":"","meta":[],"product_cat":[4496],"product_tag":[8183],"class_list":{"0":"post-76650","1":"product","2":"type-product","3":"status-publish","4":"has-post-thumbnail","5":"hentry","6":"product_cat-towels-ponchos-es","7":"product_tag-hotwheels","9":"entry","10":"has-media","11":"owp-thumbs-layout-horizontal","12":"owp-btn-normal","13":"owp-tabs-layout-horizontal","14":"has-no-thumbnails","15":"has-product-nav"},"_links":{"self":[{"href":"https:\/\/kidslicensing.com\/es\/wp-json\/wp\/v2\/product\/76650","targetHints":{"allow":["GET"]}}],"collection":[{"href":"https:\/\/kidslicensing.com\/es\/wp-json\/wp\/v2\/product"}],"about":[{"href":"https:\/\/kidslicensing.com\/es\/wp-json\/wp\/v2\/types\/product"}],"replies":[{"embeddable":true,"href":"https:\/\/kidslicensing.com\/es\/wp-json\/wp\/v2\/comments?post=76650"}],"version-history":[{"count":1,"href":"https:\/\/kidslicensing.com\/es\/wp-json\/wp\/v2\/product\/76650\/revisions"}],"predecessor-version":[{"id":76661,"href":"https:\/\/kidslicensing.com\/es\/wp-json\/wp\/v2\/product\/76650\/revisions\/76661"}],"wp:featuredmedia":[{"embeddable":true,"href":"https:\/\/kidslicensing.com\/es\/wp-json\/wp\/v2\/media\/78466"}],"wp:attachment":[{"href":"https:\/\/kidslicensing.com\/es\/wp-json\/wp\/v2\/media?parent=76650"}],"wp:term":[{"taxonomy":"product_cat","embeddable":true,"href":"https:\/\/kidslicensing.com\/es\/wp-json\/wp\/v2\/product_cat?post=76650"},{"taxonomy":"product_tag","embeddable":true,"href":"https:\/\/kidslicensing.com\/es\/wp-json\/wp\/v2\/product_tag?post=76650"}],"curies":[{"name":"wp","href":"https:\/\/api.w.org\/{rel}","templated":true}]}}