{"id":76706,"date":"2023-03-29T11:53:39","date_gmt":"2023-03-29T09:53:39","guid":{"rendered":"https:\/\/kidslicensing.com\/?post_type=product&#038;p=76706"},"modified":"2023-04-05T16:16:26","modified_gmt":"2023-04-05T14:16:26","slug":"waboba-pro-pelota-rebotante-agua","status":"publish","type":"product","link":"https:\/\/kidslicensing.com\/es\/shop\/juegos-de-exterior\/waboba-pro-pelota-rebotante-agua\/","title":{"rendered":"WABOBA PRO PELOTA REBOTE SOBRE AGUA"},"content":{"rendered":"","protected":false},"excerpt":{"rendered":"<p>Esta bola rebotante para el agua est\u00e1 dise\u00f1ada para una mejor performance deportiva que su predecesora, y original pelota rebotante. A diferencia del modelo Original, la Pro est\u00e1 pensada para los jugadores un poco m\u00e1s experimentados y con ganas de mejorar sus tiros. La bola Pro es ideal para pasarlo en grande en el mar con tus amigos y familiares. Especificaciones t\u00e9cnicas: Dise\u00f1o de 3 capas. Agarre texturizado. N\u00facleo de gel.<\/p>\n","protected":false},"featured_media":78033,"comment_status":"open","ping_status":"closed","template":"","meta":[],"product_cat":[4828],"product_tag":[4829],"class_list":{"0":"post-76706","1":"product","2":"type-product","3":"status-publish","4":"has-post-thumbnail","5":"hentry","6":"product_cat-juegos-de-exterior","7":"product_tag-waboba-es","9":"entry","10":"has-media","11":"owp-thumbs-layout-horizontal","12":"owp-btn-normal","13":"owp-tabs-layout-horizontal","14":"has-product-nav"},"_links":{"self":[{"href":"https:\/\/kidslicensing.com\/es\/wp-json\/wp\/v2\/product\/76706","targetHints":{"allow":["GET"]}}],"collection":[{"href":"https:\/\/kidslicensing.com\/es\/wp-json\/wp\/v2\/product"}],"about":[{"href":"https:\/\/kidslicensing.com\/es\/wp-json\/wp\/v2\/types\/product"}],"replies":[{"embeddable":true,"href":"https:\/\/kidslicensing.com\/es\/wp-json\/wp\/v2\/comments?post=76706"}],"version-history":[{"count":1,"href":"https:\/\/kidslicensing.com\/es\/wp-json\/wp\/v2\/product\/76706\/revisions"}],"predecessor-version":[{"id":76750,"href":"https:\/\/kidslicensing.com\/es\/wp-json\/wp\/v2\/product\/76706\/revisions\/76750"}],"wp:featuredmedia":[{"embeddable":true,"href":"https:\/\/kidslicensing.com\/es\/wp-json\/wp\/v2\/media\/78033"}],"wp:attachment":[{"href":"https:\/\/kidslicensing.com\/es\/wp-json\/wp\/v2\/media?parent=76706"}],"wp:term":[{"taxonomy":"product_cat","embeddable":true,"href":"https:\/\/kidslicensing.com\/es\/wp-json\/wp\/v2\/product_cat?post=76706"},{"taxonomy":"product_tag","embeddable":true,"href":"https:\/\/kidslicensing.com\/es\/wp-json\/wp\/v2\/product_tag?post=76706"}],"curies":[{"name":"wp","href":"https:\/\/api.w.org\/{rel}","templated":true}]}}