{"id":76756,"date":"2023-03-29T12:09:15","date_gmt":"2023-03-29T10:09:15","guid":{"rendered":"https:\/\/kidslicensing.com\/?post_type=product&#038;p=76756"},"modified":"2023-04-11T12:19:56","modified_gmt":"2023-04-11T10:19:56","slug":"superman-taza-ceramica","status":"publish","type":"product","link":"https:\/\/kidslicensing.com\/es\/shop\/homeware-es\/mugs-es\/superman-taza-ceramica\/","title":{"rendered":"TAZA CER\u00c1MICA SUPERMAN"},"content":{"rendered":"","protected":false},"excerpt":{"rendered":"<p>Taza de cer\u00e1mica customizada para los verdaderos amantes del superh\u00e9roe Superman. Con un dise\u00f1o moderno en azul y rojo, es ideal para tomar cualquier bebida durante el d\u00eda. Adem\u00e1s es apta tanto para lavavajillas como para microondas. \u00a1Disfruta de tus momentos de relax con esta maravillosa taza!<\/p>\n","protected":false},"featured_media":79162,"comment_status":"open","ping_status":"closed","template":"","meta":[],"product_cat":[891],"product_tag":[1049],"class_list":{"0":"post-76756","1":"product","2":"type-product","3":"status-publish","4":"has-post-thumbnail","5":"hentry","6":"product_cat-mugs-es","7":"product_tag-spiderman-es","9":"entry","10":"has-media","11":"owp-thumbs-layout-horizontal","12":"owp-btn-normal","13":"owp-tabs-layout-horizontal","14":"has-product-nav"},"_links":{"self":[{"href":"https:\/\/kidslicensing.com\/es\/wp-json\/wp\/v2\/product\/76756","targetHints":{"allow":["GET"]}}],"collection":[{"href":"https:\/\/kidslicensing.com\/es\/wp-json\/wp\/v2\/product"}],"about":[{"href":"https:\/\/kidslicensing.com\/es\/wp-json\/wp\/v2\/types\/product"}],"replies":[{"embeddable":true,"href":"https:\/\/kidslicensing.com\/es\/wp-json\/wp\/v2\/comments?post=76756"}],"version-history":[{"count":1,"href":"https:\/\/kidslicensing.com\/es\/wp-json\/wp\/v2\/product\/76756\/revisions"}],"predecessor-version":[{"id":76765,"href":"https:\/\/kidslicensing.com\/es\/wp-json\/wp\/v2\/product\/76756\/revisions\/76765"}],"wp:featuredmedia":[{"embeddable":true,"href":"https:\/\/kidslicensing.com\/es\/wp-json\/wp\/v2\/media\/79162"}],"wp:attachment":[{"href":"https:\/\/kidslicensing.com\/es\/wp-json\/wp\/v2\/media?parent=76756"}],"wp:term":[{"taxonomy":"product_cat","embeddable":true,"href":"https:\/\/kidslicensing.com\/es\/wp-json\/wp\/v2\/product_cat?post=76756"},{"taxonomy":"product_tag","embeddable":true,"href":"https:\/\/kidslicensing.com\/es\/wp-json\/wp\/v2\/product_tag?post=76756"}],"curies":[{"name":"wp","href":"https:\/\/api.w.org\/{rel}","templated":true}]}}