{"id":76757,"date":"2023-03-29T12:13:36","date_gmt":"2023-03-29T10:13:36","guid":{"rendered":"https:\/\/kidslicensing.com\/?post_type=product&#038;p=76757"},"modified":"2023-04-11T12:19:58","modified_gmt":"2023-04-11T10:19:58","slug":"sonic-taza-ceramica","status":"publish","type":"product","link":"https:\/\/kidslicensing.com\/es\/shop\/homeware-es\/mugs-es\/sonic-taza-ceramica\/","title":{"rendered":"TAZA CERAMICA SONIC"},"content":{"rendered":"","protected":false},"excerpt":{"rendered":"<p>Taza de cer\u00e1mica customizada para los verdaderos amantes de Sonic. Con un dise\u00f1o moderno, es ideal para tomar cualquier bebida durante el d\u00eda. Adem\u00e1s es apta tanto para lavavajillas como para microondas. \u00a1Disfruta de tus momentos de relax con esta maravillosa taza!<\/p>\n","protected":false},"featured_media":79178,"comment_status":"open","ping_status":"closed","template":"","meta":[],"product_cat":[891],"product_tag":[8177],"class_list":{"0":"post-76757","1":"product","2":"type-product","3":"status-publish","4":"has-post-thumbnail","5":"hentry","6":"product_cat-mugs-es","7":"product_tag-sonic","9":"entry","10":"has-media","11":"owp-thumbs-layout-horizontal","12":"owp-btn-normal","13":"owp-tabs-layout-horizontal","14":"has-product-nav"},"_links":{"self":[{"href":"https:\/\/kidslicensing.com\/es\/wp-json\/wp\/v2\/product\/76757","targetHints":{"allow":["GET"]}}],"collection":[{"href":"https:\/\/kidslicensing.com\/es\/wp-json\/wp\/v2\/product"}],"about":[{"href":"https:\/\/kidslicensing.com\/es\/wp-json\/wp\/v2\/types\/product"}],"replies":[{"embeddable":true,"href":"https:\/\/kidslicensing.com\/es\/wp-json\/wp\/v2\/comments?post=76757"}],"version-history":[{"count":1,"href":"https:\/\/kidslicensing.com\/es\/wp-json\/wp\/v2\/product\/76757\/revisions"}],"predecessor-version":[{"id":76766,"href":"https:\/\/kidslicensing.com\/es\/wp-json\/wp\/v2\/product\/76757\/revisions\/76766"}],"wp:featuredmedia":[{"embeddable":true,"href":"https:\/\/kidslicensing.com\/es\/wp-json\/wp\/v2\/media\/79178"}],"wp:attachment":[{"href":"https:\/\/kidslicensing.com\/es\/wp-json\/wp\/v2\/media?parent=76757"}],"wp:term":[{"taxonomy":"product_cat","embeddable":true,"href":"https:\/\/kidslicensing.com\/es\/wp-json\/wp\/v2\/product_cat?post=76757"},{"taxonomy":"product_tag","embeddable":true,"href":"https:\/\/kidslicensing.com\/es\/wp-json\/wp\/v2\/product_tag?post=76757"}],"curies":[{"name":"wp","href":"https:\/\/api.w.org\/{rel}","templated":true}]}}