{"id":76807,"date":"2023-03-29T15:18:20","date_gmt":"2023-03-29T13:18:20","guid":{"rendered":"https:\/\/kidslicensing.com\/?post_type=product&#038;p=76807"},"modified":"2023-05-17T15:28:18","modified_gmt":"2023-05-17T13:28:18","slug":"sweet-dreams-altavoz-inalambricos","status":"publish","type":"product","link":"https:\/\/kidslicensing.com\/es\/shop\/toys-es\/electronics-toys-es\/sweet-dreams-altavoz-inalambricos\/","title":{"rendered":"ALTAVOZ INAL\u00c1MBRICOS SWEET DREAMS"},"content":{"rendered":"","protected":false},"excerpt":{"rendered":"<p>Con el altavoz inal\u00e1mbrico de Sweet Dreams, tu peque va a poder escuchar su m\u00fasica favorita en cualquier lugar. Con una medida ideal para transportar y con su forma de unicornio \u00fanica, ser\u00e1 el complemento perfecto para tu hija en todo momento. Adem\u00e1s es resistente al agua, para hacer m\u00e1s especiales sus ba\u00f1os. El altavoz tiene Bluetooth para poder conectarlo a cualquier dispositivo y se carga con un cable USB que contiene el mismo paquete. <br \/>Especificaciones t\u00e9cnicas del altavoz inal\u00e1mbrico:<br \/>-Input: 5V<br \/>-Salida de sonido: 3W<br \/>-Waterproof: IPX4<br \/>-Frecuencia: 100hz-20khz<br \/>-Bater\u00eda: Built-in Li-ion<br \/>-Duraci\u00f3n: 2 horas<br \/>-Duraci\u00f3n en standby: 200 horas<br \/>-Tiempo de carga: 1 hora<br \/>-Rango operativo: 10m<\/p>\n","protected":false},"featured_media":81718,"comment_status":"open","ping_status":"closed","template":"","meta":[],"product_cat":[997],"product_tag":[1050],"class_list":{"0":"post-76807","1":"product","2":"type-product","3":"status-publish","4":"has-post-thumbnail","5":"hentry","6":"product_cat-electronics-toys-es","7":"product_tag-sweet-dreams-es","9":"entry","10":"has-media","11":"owp-thumbs-layout-horizontal","12":"owp-btn-normal","13":"owp-tabs-layout-horizontal","14":"has-product-nav"},"_links":{"self":[{"href":"https:\/\/kidslicensing.com\/es\/wp-json\/wp\/v2\/product\/76807","targetHints":{"allow":["GET"]}}],"collection":[{"href":"https:\/\/kidslicensing.com\/es\/wp-json\/wp\/v2\/product"}],"about":[{"href":"https:\/\/kidslicensing.com\/es\/wp-json\/wp\/v2\/types\/product"}],"replies":[{"embeddable":true,"href":"https:\/\/kidslicensing.com\/es\/wp-json\/wp\/v2\/comments?post=76807"}],"version-history":[{"count":1,"href":"https:\/\/kidslicensing.com\/es\/wp-json\/wp\/v2\/product\/76807\/revisions"}],"predecessor-version":[{"id":76812,"href":"https:\/\/kidslicensing.com\/es\/wp-json\/wp\/v2\/product\/76807\/revisions\/76812"}],"wp:featuredmedia":[{"embeddable":true,"href":"https:\/\/kidslicensing.com\/es\/wp-json\/wp\/v2\/media\/81718"}],"wp:attachment":[{"href":"https:\/\/kidslicensing.com\/es\/wp-json\/wp\/v2\/media?parent=76807"}],"wp:term":[{"taxonomy":"product_cat","embeddable":true,"href":"https:\/\/kidslicensing.com\/es\/wp-json\/wp\/v2\/product_cat?post=76807"},{"taxonomy":"product_tag","embeddable":true,"href":"https:\/\/kidslicensing.com\/es\/wp-json\/wp\/v2\/product_tag?post=76807"}],"curies":[{"name":"wp","href":"https:\/\/api.w.org\/{rel}","templated":true}]}}