{"id":76950,"date":"2023-03-30T12:06:14","date_gmt":"2023-03-30T10:06:14","guid":{"rendered":"https:\/\/kidslicensing.com\/?post_type=product&#038;p=76950"},"modified":"2023-04-11T14:22:09","modified_gmt":"2023-04-11T12:22:09","slug":"minnie-sandwichera-cubierto","status":"publish","type":"product","link":"https:\/\/kidslicensing.com\/es\/shop\/homeware-es\/lunch-boxes-es\/minnie-sandwichera-cubierto\/","title":{"rendered":"SANDWICHERA CON CUBIERTO MINNIE"},"content":{"rendered":"","protected":false},"excerpt":{"rendered":"<p>Disfruta de la hora de comer con esta sandwichera que mantendr\u00e1 los alimentos en perfecto estado.<\/p>\n<p>Adem\u00e1s, incluye cuberter\u00eda dentro de la sandwichera para completar este set. Peque\u00f1a y compacta, perfecta para esos d\u00edas de picnic. \u00a1No te la puedes perder!<\/p>\n","protected":false},"featured_media":79762,"comment_status":"open","ping_status":"closed","template":"","meta":[],"product_cat":[906],"product_tag":[218],"class_list":{"0":"post-76950","1":"product","2":"type-product","3":"status-publish","4":"has-post-thumbnail","5":"hentry","6":"product_cat-lunch-boxes-es","7":"product_tag-minnie-mouse-es","9":"entry","10":"has-media","11":"owp-thumbs-layout-horizontal","12":"owp-btn-normal","13":"owp-tabs-layout-horizontal","14":"has-product-nav"},"_links":{"self":[{"href":"https:\/\/kidslicensing.com\/es\/wp-json\/wp\/v2\/product\/76950","targetHints":{"allow":["GET"]}}],"collection":[{"href":"https:\/\/kidslicensing.com\/es\/wp-json\/wp\/v2\/product"}],"about":[{"href":"https:\/\/kidslicensing.com\/es\/wp-json\/wp\/v2\/types\/product"}],"replies":[{"embeddable":true,"href":"https:\/\/kidslicensing.com\/es\/wp-json\/wp\/v2\/comments?post=76950"}],"version-history":[{"count":1,"href":"https:\/\/kidslicensing.com\/es\/wp-json\/wp\/v2\/product\/76950\/revisions"}],"predecessor-version":[{"id":76954,"href":"https:\/\/kidslicensing.com\/es\/wp-json\/wp\/v2\/product\/76950\/revisions\/76954"}],"wp:featuredmedia":[{"embeddable":true,"href":"https:\/\/kidslicensing.com\/es\/wp-json\/wp\/v2\/media\/79762"}],"wp:attachment":[{"href":"https:\/\/kidslicensing.com\/es\/wp-json\/wp\/v2\/media?parent=76950"}],"wp:term":[{"taxonomy":"product_cat","embeddable":true,"href":"https:\/\/kidslicensing.com\/es\/wp-json\/wp\/v2\/product_cat?post=76950"},{"taxonomy":"product_tag","embeddable":true,"href":"https:\/\/kidslicensing.com\/es\/wp-json\/wp\/v2\/product_tag?post=76950"}],"curies":[{"name":"wp","href":"https:\/\/api.w.org\/{rel}","templated":true}]}}